{"id":860,"date":"2025-05-06T11:09:37","date_gmt":"2025-05-06T09:09:37","guid":{"rendered":"https:\/\/pedraforca.com\/restaurant\/"},"modified":"2025-05-06T12:24:13","modified_gmt":"2025-05-06T10:24:13","slug":"restaurant","status":"publish","type":"page","link":"https:\/\/pedraforca.com\/fr\/restaurant\/","title":{"rendered":"Restaurant"},"content":{"rendered":"[av_section min_height=\"percent\" min_height_pc=\"45\" min_height_px=\"500px\" shadow=\"no-border-styling\" bottom_border=\"no-border-styling\" bottom_border_diagonal_color=\"#333333\" bottom_border_diagonal_direction=\"\" bottom_border_style=\"\" padding=\"no-padding\" margin=\"aviaTBmargin\" custom_margin=\"36px,0px\" av-desktop-custom_margin=\"\" av-desktop-custom_margin_sync=\"true\" av-medium-custom_margin=\"\" av-medium-custom_margin_sync=\"true\" av-small-custom_margin=\"\" av-small-custom_margin_sync=\"true\" av-mini-custom_margin=\"\" av-mini-custom_margin_sync=\"true\" svg_div_top=\"\" svg_div_top_color=\"#333333\" svg_div_top_width=\"100\" svg_div_top_height=\"50\" svg_div_top_max_height=\"none\" svg_div_top_opacity=\"\" svg_div_bottom=\"\" svg_div_bottom_color=\"#333333\" svg_div_bottom_width=\"100\" svg_div_bottom_height=\"50\" svg_div_bottom_max_height=\"none\" svg_div_bottom_opacity=\"\" fold_type=\"\" fold_height=\"\" fold_more=\"Llegir m\u00e9s\" fold_less=\"Read less\" fold_text_style=\"\" fold_btn_align=\"\" color=\"main_color\" background=\"bg_color\" custom_bg=\"\" background_gradient_direction=\"vertical\" background_gradient_color1=\"#000000\" background_gradient_color2=\"#ffffff\" background_gradient_color3=\"\" src=\"https:\/\/pedraforca.ergatesweb10.ovh\/wp-content\/uploads\/2025\/04\/hostal-pedraforca-40-e1743752220443.jpg\" attachment=\"513\" attachment_size=\"full\" src_dynamic=\"\" attach=\"scroll\" position=\"center center\" repeat=\"stretch\" video=\"\" video_ratio=\"16:9\" overlay_enable=\"aviaTBoverlay_enable\" overlay_opacity=\"0.3\" overlay_color=\"#0a0a0a\" overlay_pattern=\"\" overlay_custom_pattern=\"\" custom_arrow_bg=\"\" fold_overlay_color=\"\" fold_text_color=\"\" fold_btn_color=\"theme-color\" fold_btn_bg_color=\"\" fold_btn_font_color=\"\" size-btn-text=\"\" av-desktop-font-size-btn-text=\"\" av-medium-font-size-btn-text=\"\" av-small-font-size-btn-text=\"\" av-mini-font-size-btn-text=\"\" fold_timer=\"\" z_index_fold=\"\" css_position_z_index=\"\" av-desktop-css_position_z_index=\"\" av-medium-css_position_z_index=\"\" av-small-css_position_z_index=\"\" av-mini-css_position_z_index=\"\" id=\"\" custom_class=\"\" template_class=\"\" aria_label=\"\" av_element_hidden_in_editor=\"0\" av_uid=\"av-6yfk0\" sc_version=\"1.0\"]\n[av_textblock fold_type=\"\" fold_height=\"\" fold_more=\"Llegir m\u00e9s\" fold_less=\"Read less\" fold_text_style=\"\" fold_btn_align=\"\" textblock_styling_align=\"\" textblock_styling=\"\" textblock_styling_gap=\"\" textblock_styling_mobile=\"\" size=\"40\" av-desktop-font-size=\"\" av-medium-font-size=\"\" av-small-font-size=\"\" av-mini-font-size=\"\" font_color=\"\" color=\"\" fold_overlay_color=\"\" fold_text_color=\"\" fold_btn_color=\"theme-color\" fold_btn_bg_color=\"\" fold_btn_font_color=\"\" size-btn-text=\"\" av-desktop-font-size-btn-text=\"\" av-medium-font-size-btn-text=\"\" av-small-font-size-btn-text=\"\" av-mini-font-size-btn-text=\"\" fold_timer=\"\" z_index_fold=\"\" id=\"\" custom_class=\"\" template_class=\"\" av_uid=\"av-m92gtlkl\" sc_version=\"1.0\" admin_preview_bg=\"\"]\n<p style=\"text-align: center;\">[page_title]<\/p>\n[\/av_textblock]\n[\/av_section]\n<div  class='flex_column av-ma40dwlc-73602cc5b7457cbccb0e451cc9ee6a6d av_one_fifth  avia-builder-el-1  el_after_av_postcontent  el_before_av_three_fifth  avia-builder-el-first  first no_margin flex_column_div  '     ><\/div>\n<div  class='flex_column av-ma40dsl6-46f5be0240a03759e4319c4273a0aece av_three_fifth  avia-builder-el-2  el_after_av_one_fifth  el_before_av_one_fifth  no_margin flex_column_div av-animated-generic bottom-to-top  '     ><style type=\"text\/css\" data-created_by=\"avia_inline_auto\" id=\"style-css-av-gm9bk-57f619cafe7c3ad5a584314c0958eb38\">\n#top .av-special-heading.av-gm9bk-57f619cafe7c3ad5a584314c0958eb38{\npadding-bottom:10px;\n}\nbody .av-special-heading.av-gm9bk-57f619cafe7c3ad5a584314c0958eb38 .av-special-heading-tag .heading-char{\nfont-size:25px;\n}\n.av-special-heading.av-gm9bk-57f619cafe7c3ad5a584314c0958eb38 .av-subheading{\nfont-size:15px;\n}\n<\/style>\n<div  class='av-special-heading av-gm9bk-57f619cafe7c3ad5a584314c0958eb38 av-special-heading-h1 blockquote modern-quote modern-centered  avia-builder-el-3  avia-builder-el-no-sibling '><h1 class='av-special-heading-tag '  itemprop=\"headline\"  >Cuisine traditionnelle avec vue sur Pedraforca<\/h1><div class=\"special-heading-border\"><div class=\"special-heading-inner-border\"><\/div><\/div><\/div><\/div><div  class='flex_column av-1ehew-8b4b7e4ac8ca8b64da5981f6368e8127 av_one_fifth  avia-builder-el-4  el_after_av_three_fifth  el_before_av_one_half  no_margin flex_column_div  '     ><\/div><\/p>\n<div  class='flex_column av-myiww-74f517303ae48fbb1f1e9b82e0129413 av_one_half  avia-builder-el-5  el_after_av_one_fifth  el_before_av_one_half  first flex_column_div av-animated-generic bottom-to-top  column-top-margin'     ><p>\n<style type=\"text\/css\" data-created_by=\"avia_inline_auto\" id=\"style-css-av-orhk-d4952ac9c1057195afffb656c3ca9737\">\n#top .av-special-heading.av-orhk-d4952ac9c1057195afffb656c3ca9737{\npadding-bottom:10px;\n}\nbody .av-special-heading.av-orhk-d4952ac9c1057195afffb656c3ca9737 .av-special-heading-tag .heading-char{\nfont-size:25px;\n}\n.av-special-heading.av-orhk-d4952ac9c1057195afffb656c3ca9737 .av-subheading{\nfont-size:15px;\n}\n<\/style>\n<div  class='av-special-heading av-orhk-d4952ac9c1057195afffb656c3ca9737 av-special-heading-h2  avia-builder-el-6  el_before_av_hr  avia-builder-el-first '><h2 class='av-special-heading-tag '  itemprop=\"headline\"  >Petits d\u00e9jeuners terreux avec des produits locaux<\/h2><div class=\"special-heading-border\"><div class=\"special-heading-inner-border\"><\/div><\/div><\/div><br \/>\n\n<style type=\"text\/css\" data-created_by=\"avia_inline_auto\" id=\"style-css-av-9ytq0-e9f56fff2d68dc3cd5faa26c8f75948a\">\n#top .hr.hr-invisible.av-9ytq0-e9f56fff2d68dc3cd5faa26c8f75948a{\nheight:25px;\n}\n<\/style>\n<div  class='hr av-9ytq0-e9f56fff2d68dc3cd5faa26c8f75948a hr-invisible  avia-builder-el-7  el_after_av_heading  el_before_av_textblock '><span class='hr-inner '><span class=\"hr-inner-style\"><\/span><\/span><\/div><br \/>\n<section  class='av_textblock_section av-bwizc-3f90dfb03619aad42f1cf70662c04f4b '   itemscope=\"itemscope\" itemtype=\"https:\/\/schema.org\/CreativeWork\" ><div class='avia_textblock'  itemprop=\"text\" ><p><strong>Horaires : de 8h30 \u00e0 10h00<\/strong><\/p>\n<p>Chaque matin nous vous proposons un <strong>petit d\u00e9jeuner buffet<\/strong> compos\u00e9 de <strong>produits artisanaux et locaux<\/strong> . Dans notre buffet vous trouverez :<\/p>\n<ul>\n<li>Un comptoir de charcuterie avec un large choix de <strong>charcuteries locales<\/strong><\/li>\n<li>Pain \u00e0 la tomate<\/li>\n<li>P\u00e2tisseries assorties<\/li>\n<li>Un espace chaleureux o\u00f9, si vous le souhaitez, <strong>nous pouvons vous pr\u00e9parer des \u0153ufs au plat.<\/strong><\/li>\n<li>Cafeti\u00e8res pour caf\u00e9s et infusions, avec diff\u00e9rents types de lait<\/li>\n<\/ul>\n<p>Nous avons \u00e9galement <strong>du pain sans gluten<\/strong> pour les personnes c\u0153liaques, sur pr\u00e9avis.<\/p>\n<\/div><\/section><\/p><\/div><div  class='flex_column av-12pw2g-66e2d207e729fe0d29e56ff99cf35ced av_one_half  avia-builder-el-9  el_after_av_one_half  el_before_av_one_half  flex_column_div av-animated-generic bottom-to-top  column-top-margin'     ><style type=\"text\/css\" data-created_by=\"avia_inline_auto\" id=\"style-css-av-yu57c-57a13fdd7ba25f2aebaf527a13ab7a95\">\n.avia-image-container.av-yu57c-57a13fdd7ba25f2aebaf527a13ab7a95 img.avia_image{\nbox-shadow:none;\n}\n.avia-image-container.av-yu57c-57a13fdd7ba25f2aebaf527a13ab7a95 .av-image-caption-overlay-center{\ncolor:#ffffff;\n}\n<\/style>\n<div  class='avia-image-container av-yu57c-57a13fdd7ba25f2aebaf527a13ab7a95 av-styling- av-img-linked avia-align-center  avia-builder-el-10  avia-builder-el-no-sibling '   itemprop=\"image\" itemscope=\"itemscope\" itemtype=\"https:\/\/schema.org\/ImageObject\" ><div class=\"avia-image-container-inner\"><div class=\"avia-image-overlay-wrap\"><a href=\"https:\/\/pedraforca.com\/wp-content\/uploads\/2025\/04\/hostal-pedraforca-06-1-773x1030.jpg\" data-srcset=\"https:\/\/pedraforca.com\/wp-content\/uploads\/2025\/04\/hostal-pedraforca-06-1-773x1030.jpg 773w, https:\/\/pedraforca.com\/wp-content\/uploads\/2025\/04\/hostal-pedraforca-06-1-225x300.jpg 225w, https:\/\/pedraforca.com\/wp-content\/uploads\/2025\/04\/hostal-pedraforca-06-1-768x1024.jpg 768w, https:\/\/pedraforca.com\/wp-content\/uploads\/2025\/04\/hostal-pedraforca-06-1-1152x1536.jpg 1152w, https:\/\/pedraforca.com\/wp-content\/uploads\/2025\/04\/hostal-pedraforca-06-1-1536x2048.jpg 1536w, https:\/\/pedraforca.com\/wp-content\/uploads\/2025\/04\/hostal-pedraforca-06-1-1125x1500.jpg 1125w, https:\/\/pedraforca.com\/wp-content\/uploads\/2025\/04\/hostal-pedraforca-06-1-529x705.jpg 529w, https:\/\/pedraforca.com\/wp-content\/uploads\/2025\/04\/hostal-pedraforca-06-1-scaled.jpg 1920w\" data-sizes=\"(max-width: 773px) 100vw, 773px\" class='avia_image '  aria-label='Habitacions'><img decoding=\"async\" fetchpriority=\"high\" class='wp-image-819 avia-img-lazy-loading-not-819 avia_image ' src=\"https:\/\/pedraforca.com\/wp-content\/uploads\/2025\/04\/hostal-pedraforca-06-1-700x700.jpg\" alt='Rooms' title='Habitacions'  height=\"700\" width=\"700\"  itemprop=\"thumbnailUrl\" srcset=\"https:\/\/pedraforca.com\/wp-content\/uploads\/2025\/04\/hostal-pedraforca-06-1-700x700.jpg 700w, https:\/\/pedraforca.com\/wp-content\/uploads\/2025\/04\/hostal-pedraforca-06-1-80x80.jpg 80w, https:\/\/pedraforca.com\/wp-content\/uploads\/2025\/04\/hostal-pedraforca-06-1-36x36.jpg 36w\" sizes=\"(max-width: 700px) 100vw, 700px\" \/><\/a><\/div><\/div><\/div><\/div><\/p>\n<div  class='flex_column av-2n3w8-2294e5c4b88f7cbc1541ff0ce65bd049 av_one_half  avia-builder-el-11  el_after_av_one_half  el_before_av_one_half  first flex_column_div av-animated-generic bottom-to-top  column-top-margin'     ><style type=\"text\/css\" data-created_by=\"avia_inline_auto\" id=\"style-css-av-inqds-6660b5fc6c932c6270390db835648801\">\n.avia-image-container.av-inqds-6660b5fc6c932c6270390db835648801 img.avia_image{\nbox-shadow:none;\n}\n.avia-image-container.av-inqds-6660b5fc6c932c6270390db835648801 .av-image-caption-overlay-center{\ncolor:#ffffff;\n}\n<\/style>\n<div  class='avia-image-container av-inqds-6660b5fc6c932c6270390db835648801 av-styling- av-img-linked avia-align-center  avia-builder-el-12  avia-builder-el-no-sibling '   itemprop=\"image\" itemscope=\"itemscope\" itemtype=\"https:\/\/schema.org\/ImageObject\" ><div class=\"avia-image-container-inner\"><div class=\"avia-image-overlay-wrap\"><a href=\"https:\/\/pedraforca.com\/wp-content\/uploads\/2025\/04\/hostal-pedraforca-52-773x1030.jpg\" data-srcset=\"https:\/\/pedraforca.com\/wp-content\/uploads\/2025\/04\/hostal-pedraforca-52-773x1030.jpg 773w, https:\/\/pedraforca.com\/wp-content\/uploads\/2025\/04\/hostal-pedraforca-52-225x300.jpg 225w, https:\/\/pedraforca.com\/wp-content\/uploads\/2025\/04\/hostal-pedraforca-52-768x1024.jpg 768w, https:\/\/pedraforca.com\/wp-content\/uploads\/2025\/04\/hostal-pedraforca-52-1152x1536.jpg 1152w, https:\/\/pedraforca.com\/wp-content\/uploads\/2025\/04\/hostal-pedraforca-52-1536x2048.jpg 1536w, https:\/\/pedraforca.com\/wp-content\/uploads\/2025\/04\/hostal-pedraforca-52-1125x1500.jpg 1125w, https:\/\/pedraforca.com\/wp-content\/uploads\/2025\/04\/hostal-pedraforca-52-529x705.jpg 529w, https:\/\/pedraforca.com\/wp-content\/uploads\/2025\/04\/hostal-pedraforca-52-scaled.jpg 1920w\" data-sizes=\"(max-width: 773px) 100vw, 773px\" class='avia_image '  aria-label='Restaurant'><img decoding=\"async\" fetchpriority=\"high\" class='wp-image-862 avia-img-lazy-loading-not-862 avia_image ' src=\"https:\/\/pedraforca.com\/wp-content\/uploads\/2025\/04\/hostal-pedraforca-52-700x700.jpg\" alt='Restaurant' title='Restaurant'  height=\"700\" width=\"700\"  itemprop=\"thumbnailUrl\" srcset=\"https:\/\/pedraforca.com\/wp-content\/uploads\/2025\/04\/hostal-pedraforca-52-700x700.jpg 700w, https:\/\/pedraforca.com\/wp-content\/uploads\/2025\/04\/hostal-pedraforca-52-80x80.jpg 80w, https:\/\/pedraforca.com\/wp-content\/uploads\/2025\/04\/hostal-pedraforca-52-36x36.jpg 36w\" sizes=\"(max-width: 700px) 100vw, 700px\" \/><\/a><\/div><\/div><\/div><\/div>\n<div  class='flex_column av-dk9g0-2b0855290b361fade9d266cc336205d2 av_one_half  avia-builder-el-13  el_after_av_one_half  avia-builder-el-last  flex_column_div av-animated-generic bottom-to-top  column-top-margin'     ><p>\n<style type=\"text\/css\" data-created_by=\"avia_inline_auto\" id=\"style-css-av-m917ji7o-f6afc74079a7bf617625b350ae81305c\">\n#top .av-special-heading.av-m917ji7o-f6afc74079a7bf617625b350ae81305c{\npadding-bottom:10px;\n}\nbody .av-special-heading.av-m917ji7o-f6afc74079a7bf617625b350ae81305c .av-special-heading-tag .heading-char{\nfont-size:25px;\n}\n.av-special-heading.av-m917ji7o-f6afc74079a7bf617625b350ae81305c .av-subheading{\nfont-size:15px;\n}\n<\/style>\n<div  class='av-special-heading av-m917ji7o-f6afc74079a7bf617625b350ae81305c av-special-heading-h2  avia-builder-el-14  el_before_av_hr  avia-builder-el-first '><h2 class='av-special-heading-tag '  itemprop=\"headline\"  >D\u00e9jeuner et d\u00eener avec vue sur Pedraforca<\/h2><div class=\"special-heading-border\"><div class=\"special-heading-inner-border\"><\/div><\/div><\/div><br \/>\n\n<style type=\"text\/css\" data-created_by=\"avia_inline_auto\" id=\"style-css-av-m92o4r89-46bd03dd4a57be4d0946fec0306e6567\">\n#top .hr.hr-invisible.av-m92o4r89-46bd03dd4a57be4d0946fec0306e6567{\nheight:25px;\n}\n<\/style>\n<div  class='hr av-m92o4r89-46bd03dd4a57be4d0946fec0306e6567 hr-invisible  avia-builder-el-15  el_after_av_heading  el_before_av_textblock '><span class='hr-inner '><span class=\"hr-inner-style\"><\/span><\/span><\/div><br \/>\n<section  class='av_textblock_section av-m917jc6w-dc529f35812c74a4c384b9a4ca3ea4e4 '   itemscope=\"itemscope\" itemtype=\"https:\/\/schema.org\/CreativeWork\" ><div class='avia_textblock'  itemprop=\"text\" ><p><strong>Heure du d\u00e9jeuner : \u00e0 partir de 13h30 jusqu&rsquo;\u00e0 15h30<\/strong><br \/>\n<strong>Horaires du d\u00eener : \u00e0 partir de 20h30 jusqu&rsquo;\u00e0 22h00<\/strong><\/p>\n<p>Notre restaurant, ouvert en juillet 2006, dispose <strong>de fen\u00eatres panoramiques<\/strong> qui vous permettent de profiter <strong>de vues exceptionnelles sur le Pedraforca et la Serra del Cad\u00ed<\/strong> pendant que vous mangez.<\/p>\n<p>La cuisine que nous proposons est <strong>traditionnelle catalane<\/strong> , avec des rago\u00fbts traditionnels et des plats faits maison \u00e9labor\u00e9s avec <strong>des produits de qualit\u00e9 et locaux<\/strong> , s\u00e9lectionn\u00e9s avec le plus grand soin.<\/p>\n<\/div><\/section><br \/>\n<div  class='avia-icon-list-container av-m917rxf1-c77c517c948d71683dac754d93e08156  avia-builder-el-17  el_after_av_textblock  avia-builder-el-last '><ul class='avia-icon-list avia_animate_when_almost_visible avia-icon-list-left av-iconlist-big av-m917rxf1-c77c517c948d71683dac754d93e08156 avia-iconlist-animate'>\n<li><div class='iconlist_icon av-m917rmk0-5aa2d2e523f9aecdde3cec7d0fdd005b avia-font-entypo-fontello avia-iconfont avia-font-entypo-fontello'><span class='av-icon-char' data-av_icon='\ue84e' data-av_iconfont='entypo-fontello' aria-hidden=\"true\"><\/span><\/div><article class=\"article-icon-entry \"  itemscope=\"itemscope\" itemtype=\"https:\/\/schema.org\/CreativeWork\" ><div class=\"iconlist_content_wrap\"><header class=\"entry-content-header\" aria-label=\"Icon: Menu du d\u00e9jeuner\"><h4 class='av_iconlist_title iconlist_title  '  itemprop=\"headline\" >Menu du d\u00e9jeuner<\/h4><\/header><div class='iconlist_content '  itemprop=\"text\" ><p><a href=\"https:\/\/pedraforca.com\/wp-content\/uploads\/2025\/04\/carta-dinar.pdf\" target=\"_blank\" rel=\"noopener\">D\u00e9couvrez notre menu du midi ici<\/a><\/p>\n<\/div><\/div><footer class=\"entry-footer\"><\/footer><\/article><div class=\"iconlist-timeline\"><\/div><\/li>\n<li><div class='iconlist_icon av-m917rmk0-1-39e67da5cad6eeed688ca1b20bd9f5ff avia-font-entypo-fontello avia-iconfont avia-font-entypo-fontello'><span class='av-icon-char' data-av_icon='\ue84e' data-av_iconfont='entypo-fontello' aria-hidden=\"true\"><\/span><\/div><article class=\"article-icon-entry \"  itemscope=\"itemscope\" itemtype=\"https:\/\/schema.org\/CreativeWork\" ><div class=\"iconlist_content_wrap\"><header class=\"entry-content-header\" aria-label=\"Icon: Menu du d\u00eener\"><h4 class='av_iconlist_title iconlist_title  '  itemprop=\"headline\" >Menu du d\u00eener<\/h4><\/header><div class='iconlist_content '  itemprop=\"text\" ><p><a href=\"https:\/\/pedraforca.com\/wp-content\/uploads\/2025\/04\/carta-sopar.pdf\" target=\"_blank\" rel=\"noopener\">D\u00e9couvrez notre menu du d\u00eener ici<\/a><\/p>\n<\/div><\/div><footer class=\"entry-footer\"><\/footer><\/article><div class=\"iconlist-timeline\"><\/div><\/li>\n<\/ul><\/div><\/p><\/div>\n","protected":false},"excerpt":{"rendered":"","protected":false},"author":3,"featured_media":0,"parent":0,"menu_order":0,"comment_status":"closed","ping_status":"closed","template":"","meta":{"footnotes":""},"class_list":["post-860","page","type-page","status-publish","hentry"],"yoast_head":"<!-- This site is optimized with the Yoast SEO plugin v27.3 - https:\/\/yoast.com\/product\/yoast-seo-wordpress\/ -->\n<title>Restaurant - Hostal Pedraforca<\/title>\n<meta name=\"robots\" content=\"index, follow, max-snippet:-1, max-image-preview:large, max-video-preview:-1\" \/>\n<link rel=\"canonical\" href=\"https:\/\/pedraforca.com\/fr\/restaurant\/\" \/>\n<meta property=\"og:locale\" content=\"fr_FR\" \/>\n<meta property=\"og:type\" content=\"article\" \/>\n<meta property=\"og:title\" content=\"Restaurant - Hostal Pedraforca\" \/>\n<meta property=\"og:url\" content=\"https:\/\/pedraforca.com\/fr\/restaurant\/\" \/>\n<meta property=\"og:site_name\" content=\"Hostal Pedraforca\" \/>\n<meta property=\"article:modified_time\" content=\"2025-05-06T10:24:13+00:00\" \/>\n<meta name=\"twitter:card\" content=\"summary_large_image\" \/>\n<meta name=\"twitter:label1\" content=\"Dur\u00e9e de lecture estim\u00e9e\" \/>\n\t<meta name=\"twitter:data1\" content=\"3 minutes\" \/>\n<script type=\"application\/ld+json\" class=\"yoast-schema-graph\">{\"@context\":\"https:\\\/\\\/schema.org\",\"@graph\":[{\"@type\":\"WebPage\",\"@id\":\"https:\\\/\\\/pedraforca.com\\\/fr\\\/restaurant\\\/\",\"url\":\"https:\\\/\\\/pedraforca.com\\\/fr\\\/restaurant\\\/\",\"name\":\"Restaurant - Hostal Pedraforca\",\"isPartOf\":{\"@id\":\"https:\\\/\\\/pedraforca.com\\\/fr\\\/#website\"},\"datePublished\":\"2025-05-06T09:09:37+00:00\",\"dateModified\":\"2025-05-06T10:24:13+00:00\",\"breadcrumb\":{\"@id\":\"https:\\\/\\\/pedraforca.com\\\/fr\\\/restaurant\\\/#breadcrumb\"},\"inLanguage\":\"fr-FR\",\"potentialAction\":[{\"@type\":\"ReadAction\",\"target\":[\"https:\\\/\\\/pedraforca.com\\\/fr\\\/restaurant\\\/\"]}]},{\"@type\":\"BreadcrumbList\",\"@id\":\"https:\\\/\\\/pedraforca.com\\\/fr\\\/restaurant\\\/#breadcrumb\",\"itemListElement\":[{\"@type\":\"ListItem\",\"position\":1,\"name\":\"Inici\",\"item\":\"https:\\\/\\\/pedraforca.com\\\/fr\\\/\"},{\"@type\":\"ListItem\",\"position\":2,\"name\":\"Restaurant\"}]},{\"@type\":\"WebSite\",\"@id\":\"https:\\\/\\\/pedraforca.com\\\/fr\\\/#website\",\"url\":\"https:\\\/\\\/pedraforca.com\\\/fr\\\/\",\"name\":\"Hostal Pedraforca\",\"description\":\"Descansa al peu del Pedraforca, dins un entorn natural incomparable\",\"potentialAction\":[{\"@type\":\"SearchAction\",\"target\":{\"@type\":\"EntryPoint\",\"urlTemplate\":\"https:\\\/\\\/pedraforca.com\\\/fr\\\/?s={search_term_string}\"},\"query-input\":{\"@type\":\"PropertyValueSpecification\",\"valueRequired\":true,\"valueName\":\"search_term_string\"}}],\"inLanguage\":\"fr-FR\"}]}<\/script>\n<!-- \/ Yoast SEO plugin. -->","yoast_head_json":{"title":"Restaurant - Hostal Pedraforca","robots":{"index":"index","follow":"follow","max-snippet":"max-snippet:-1","max-image-preview":"max-image-preview:large","max-video-preview":"max-video-preview:-1"},"canonical":"https:\/\/pedraforca.com\/fr\/restaurant\/","og_locale":"fr_FR","og_type":"article","og_title":"Restaurant - Hostal Pedraforca","og_url":"https:\/\/pedraforca.com\/fr\/restaurant\/","og_site_name":"Hostal Pedraforca","article_modified_time":"2025-05-06T10:24:13+00:00","twitter_card":"summary_large_image","twitter_misc":{"Dur\u00e9e de lecture estim\u00e9e":"3 minutes"},"schema":{"@context":"https:\/\/schema.org","@graph":[{"@type":"WebPage","@id":"https:\/\/pedraforca.com\/fr\/restaurant\/","url":"https:\/\/pedraforca.com\/fr\/restaurant\/","name":"Restaurant - Hostal Pedraforca","isPartOf":{"@id":"https:\/\/pedraforca.com\/fr\/#website"},"datePublished":"2025-05-06T09:09:37+00:00","dateModified":"2025-05-06T10:24:13+00:00","breadcrumb":{"@id":"https:\/\/pedraforca.com\/fr\/restaurant\/#breadcrumb"},"inLanguage":"fr-FR","potentialAction":[{"@type":"ReadAction","target":["https:\/\/pedraforca.com\/fr\/restaurant\/"]}]},{"@type":"BreadcrumbList","@id":"https:\/\/pedraforca.com\/fr\/restaurant\/#breadcrumb","itemListElement":[{"@type":"ListItem","position":1,"name":"Inici","item":"https:\/\/pedraforca.com\/fr\/"},{"@type":"ListItem","position":2,"name":"Restaurant"}]},{"@type":"WebSite","@id":"https:\/\/pedraforca.com\/fr\/#website","url":"https:\/\/pedraforca.com\/fr\/","name":"Hostal Pedraforca","description":"Descansa al peu del Pedraforca, dins un entorn natural incomparable","potentialAction":[{"@type":"SearchAction","target":{"@type":"EntryPoint","urlTemplate":"https:\/\/pedraforca.com\/fr\/?s={search_term_string}"},"query-input":{"@type":"PropertyValueSpecification","valueRequired":true,"valueName":"search_term_string"}}],"inLanguage":"fr-FR"}]}},"_links":{"self":[{"href":"https:\/\/pedraforca.com\/fr\/wp-json\/wp\/v2\/pages\/860","targetHints":{"allow":["GET"]}}],"collection":[{"href":"https:\/\/pedraforca.com\/fr\/wp-json\/wp\/v2\/pages"}],"about":[{"href":"https:\/\/pedraforca.com\/fr\/wp-json\/wp\/v2\/types\/page"}],"author":[{"embeddable":true,"href":"https:\/\/pedraforca.com\/fr\/wp-json\/wp\/v2\/users\/3"}],"replies":[{"embeddable":true,"href":"https:\/\/pedraforca.com\/fr\/wp-json\/wp\/v2\/comments?post=860"}],"version-history":[{"count":1,"href":"https:\/\/pedraforca.com\/fr\/wp-json\/wp\/v2\/pages\/860\/revisions"}],"predecessor-version":[{"id":982,"href":"https:\/\/pedraforca.com\/fr\/wp-json\/wp\/v2\/pages\/860\/revisions\/982"}],"wp:attachment":[{"href":"https:\/\/pedraforca.com\/fr\/wp-json\/wp\/v2\/media?parent=860"}],"curies":[{"name":"wp","href":"https:\/\/api.w.org\/{rel}","templated":true}]}}