{"id":836,"date":"2025-05-06T11:09:04","date_gmt":"2025-05-06T09:09:04","guid":{"rendered":"https:\/\/pedraforca.com\/contact-2\/"},"modified":"2025-05-06T12:27:03","modified_gmt":"2025-05-06T10:27:03","slug":"contact-2","status":"publish","type":"page","link":"https:\/\/pedraforca.com\/fr\/contact-2\/","title":{"rendered":"Contact"},"content":{"rendered":"<div  class='av_gmaps_sc_main_wrap av_gmaps_main_wrap '><div id='av_gmap_0' class='avia-google-map-container avia-google-map-sc av_gmaps_show_unconditionally av-no-fallback-img ' data-mapid='av_gmap_0'  style='height: 400px;'><a class=\"av_gmaps_browser_disabled av_text_confirm_link av_text_confirm_link_visible\" href=\"https:\/\/www.google.com\/maps\/search\/?api=1&#038;query=Hostal%20Pedraforca,%20Barri,%2008697%20Ma\u00e7aners,%20Barcelona\" target=\"_blank\">Maps were disabled by the visitor on this site. Click to open the map in a new window.<\/a><\/div><\/div>\n<div  class='flex_column av-131vg-449cc71f1e0bcfcf7363af8cf7cb5513 av_one_fifth  avia-builder-el-1  el_after_av_google_map  el_before_av_three_fifth  avia-builder-el-first  first flex_column_div av-animated-generic bottom-to-top  '     ><\/div>\n<div  class='flex_column av-2rsog-89d410a0cc1825ce17d8441505b7df04 av_three_fifth  avia-builder-el-2  el_after_av_one_fifth  el_before_av_one_fifth  flex_column_div av-animated-generic bottom-to-top  '     ><p>\n<style type=\"text\/css\" data-created_by=\"avia_inline_auto\" id=\"style-css-av-1vf64-0f7c7a7f244800e75d76290d7b8f6e90\">\n#top .av-special-heading.av-1vf64-0f7c7a7f244800e75d76290d7b8f6e90{\npadding-bottom:10px;\n}\nbody .av-special-heading.av-1vf64-0f7c7a7f244800e75d76290d7b8f6e90 .av-special-heading-tag .heading-char{\nfont-size:25px;\n}\n.av-special-heading.av-1vf64-0f7c7a7f244800e75d76290d7b8f6e90 .av-subheading{\nfont-size:15px;\n}\n<\/style>\n<div  class='av-special-heading av-1vf64-0f7c7a7f244800e75d76290d7b8f6e90 av-special-heading-h1 blockquote modern-quote modern-centered  avia-builder-el-3  el_before_av_textblock  avia-builder-el-first '><h1 class='av-special-heading-tag '  itemprop=\"headline\"  >Contactez-nous<\/h1><div class=\"special-heading-border\"><div class=\"special-heading-inner-border\"><\/div><\/div><\/div><br \/>\n<section  class='av_textblock_section av-1fhsg-80ed1035afbdf8721cb64bfc6e057f89 '   itemscope=\"itemscope\" itemtype=\"https:\/\/schema.org\/CreativeWork\" ><div class='avia_textblock'  itemprop=\"text\" ><p style=\"text-align: center;\">Avez-vous des questions? Vous souhaitez effectuer une r\u00e9servation, v\u00e9rifier les disponibilit\u00e9s ou demander des informations sur les chambres ou les activit\u00e9s ? Nous sommes l\u00e0 pour vous aider. Vous pouvez nous appeler, nous envoyer un message ou venir nous voir. Nous serons heureux de vous accompagner et de vous aider \u00e0 pr\u00e9parer votre s\u00e9jour au pied du Pedraforca.<\/p>\n<\/div><\/section><\/p><\/div><div  class='flex_column av-o3zk-483333ff60976d76c1a326a1d2d0a782 av_one_fifth  avia-builder-el-5  el_after_av_three_fifth  el_before_av_one_third  flex_column_div av-animated-generic bottom-to-top  '     ><\/div><\/p>\n<div  class='flex_column av-2d41w-6c2e70ebd9bf3c86b473b4f211ad79df av_one_third  avia-builder-el-6  el_after_av_one_fifth  el_before_av_one_third  first flex_column_div  column-top-margin'     ><p>\n<style type=\"text\/css\" data-created_by=\"avia_inline_auto\" id=\"style-css-av-m8fr4lnm-b1703ddc4da2e3ee6b586449ea01f824\">\n.av_font_icon.av-m8fr4lnm-b1703ddc4da2e3ee6b586449ea01f824 .av-icon-char{\nfont-size:35px;\nline-height:35px;\n}\n<\/style>\n<span  class='av_font_icon av-m8fr4lnm-b1703ddc4da2e3ee6b586449ea01f824 avia_animate_when_visible av-icon-style- avia-icon-pos-center avia-iconfont avia-font-the7-feather av-no-color avia-icon-animate'><span class='av-icon-char' data-av_icon='\ue992' data-av_iconfont='the7-feather' aria-hidden=\"true\" ><\/span><\/span><br \/>\n\n<style type=\"text\/css\" data-created_by=\"avia_inline_auto\" id=\"style-css-av-1ftfw-e4d4c9e63819d8747345155de4fc7ab0\">\n#top .hr.hr-invisible.av-1ftfw-e4d4c9e63819d8747345155de4fc7ab0{\nheight:1px;\n}\n<\/style>\n<div  class='hr av-1ftfw-e4d4c9e63819d8747345155de4fc7ab0 hr-invisible  avia-builder-el-8  el_after_av_font_icon  el_before_av_textblock '><span class='hr-inner '><span class=\"hr-inner-style\"><\/span><\/span><\/div><br \/>\n\n<style type=\"text\/css\" data-created_by=\"avia_inline_auto\" id=\"style-css-av-m8fr52v7-113daeffc3961d363d6db3389b1de7cb\">\n#top .av_textblock_section.av-m8fr52v7-113daeffc3961d363d6db3389b1de7cb .avia_textblock{\nfont-size:20px;\n}\n<\/style>\n<section  class='av_textblock_section av-m8fr52v7-113daeffc3961d363d6db3389b1de7cb '   itemscope=\"itemscope\" itemtype=\"https:\/\/schema.org\/CreativeWork\" ><div class='avia_textblock'  itemprop=\"text\" ><p style=\"text-align: center;\"><a href=\"mailto:hostal@pedraforca.com\">hostal@pedraforca.com<\/a><\/p>\n<\/div><\/section><\/p><\/div>\n<div  class='flex_column av-40r4c-1967a36a7a0374975b487c58916e97ad av_one_third  avia-builder-el-10  el_after_av_one_third  el_before_av_one_third  flex_column_div  column-top-margin'     ><p>\n<style type=\"text\/css\" data-created_by=\"avia_inline_auto\" id=\"style-css-av-m8fr9i7x-864433904b9ceb6e6652485dc2cf2134\">\n.av_font_icon.av-m8fr9i7x-864433904b9ceb6e6652485dc2cf2134 .av-icon-char{\nfont-size:35px;\nline-height:35px;\n}\n<\/style>\n<span  class='av_font_icon av-m8fr9i7x-864433904b9ceb6e6652485dc2cf2134 avia_animate_when_visible av-icon-style- avia-icon-pos-center avia-iconfont avia-font-the7-feather av-no-color avia-icon-animate'><span class='av-icon-char' data-av_icon='\ue9b3' data-av_iconfont='the7-feather' aria-hidden=\"true\" ><\/span><\/span><br \/>\n\n<style type=\"text\/css\" data-created_by=\"avia_inline_auto\" id=\"style-css-av-14dmw-fa4af6c2a46db2a9b727d2532393c662\">\n#top .hr.hr-invisible.av-14dmw-fa4af6c2a46db2a9b727d2532393c662{\nheight:1px;\n}\n<\/style>\n<div  class='hr av-14dmw-fa4af6c2a46db2a9b727d2532393c662 hr-invisible  avia-builder-el-12  el_after_av_font_icon  el_before_av_textblock '><span class='hr-inner '><span class=\"hr-inner-style\"><\/span><\/span><\/div><br \/>\n\n<style type=\"text\/css\" data-created_by=\"avia_inline_auto\" id=\"style-css-av-2oul0-ad61e7334649e0a49f93630038f7798b\">\n#top .av_textblock_section.av-2oul0-ad61e7334649e0a49f93630038f7798b .avia_textblock{\nfont-size:23px;\n}\n<\/style>\n<section  class='av_textblock_section av-2oul0-ad61e7334649e0a49f93630038f7798b '   itemscope=\"itemscope\" itemtype=\"https:\/\/schema.org\/CreativeWork\" ><div class='avia_textblock'  itemprop=\"text\" ><p style=\"text-align: center;\"><a href=\"tel:938258021\">93 825 80 21<\/a><br \/>\n<a href=\"tel:938241000\">93 824 10 00<\/a><\/p>\n<\/div><\/section><\/p><\/div>\n<div  class='flex_column av-11w4o-f3fa6b37e175476919e53148e0ad28f8 av_one_third  avia-builder-el-14  el_after_av_one_third  el_before_av_masonry_gallery  avia-builder-el-last  flex_column_div  column-top-margin'     ><p>\n<style type=\"text\/css\" data-created_by=\"avia_inline_auto\" id=\"style-css-av-m8fr8zid-f1b7496ce77d636800096f5210f95285\">\n.av_font_icon.av-m8fr8zid-f1b7496ce77d636800096f5210f95285 .av-icon-char{\nfont-size:35px;\nline-height:35px;\n}\n<\/style>\n<span  class='av_font_icon av-m8fr8zid-f1b7496ce77d636800096f5210f95285 avia_animate_when_visible av-icon-style- avia-icon-pos-center avia-iconfont avia-font-the7-feather av-no-color avia-icon-animate'><span class='av-icon-char' data-av_icon='\ue994' data-av_iconfont='the7-feather' aria-hidden=\"true\" ><\/span><\/span><br \/>\n\n<style type=\"text\/css\" data-created_by=\"avia_inline_auto\" id=\"style-css-av-m8frb5zg-40ba5b88a33bd3330e404a277b84b019\">\n#top .hr.hr-invisible.av-m8frb5zg-40ba5b88a33bd3330e404a277b84b019{\nheight:1px;\n}\n<\/style>\n<div  class='hr av-m8frb5zg-40ba5b88a33bd3330e404a277b84b019 hr-invisible  avia-builder-el-16  el_after_av_font_icon  el_before_av_textblock '><span class='hr-inner '><span class=\"hr-inner-style\"><\/span><\/span><\/div><br \/>\n\n<style type=\"text\/css\" data-created_by=\"avia_inline_auto\" id=\"style-css-av-m8fr7osj-7f73fdd9157fc6f727050e62a5dcf609\">\n#top .av_textblock_section.av-m8fr7osj-7f73fdd9157fc6f727050e62a5dcf609 .avia_textblock{\nfont-size:20px;\n}\n<\/style>\n<section  class='av_textblock_section av-m8fr7osj-7f73fdd9157fc6f727050e62a5dcf609 '   itemscope=\"itemscope\" itemtype=\"https:\/\/schema.org\/CreativeWork\" ><div class='avia_textblock'  itemprop=\"text\" ><p style=\"text-align: center;\">Quartier des Ma\u00e7aners<br \/>\n09697 Ventes<\/p>\n<\/div><\/section><\/p><\/div>\n\n","protected":false},"excerpt":{"rendered":"","protected":false},"author":3,"featured_media":0,"parent":0,"menu_order":0,"comment_status":"closed","ping_status":"closed","template":"","meta":{"footnotes":""},"class_list":["post-836","page","type-page","status-publish","hentry"],"yoast_head":"<!-- This site is optimized with the Yoast SEO plugin v27.3 - https:\/\/yoast.com\/product\/yoast-seo-wordpress\/ -->\n<title>Contact - Hostal Pedraforca<\/title>\n<meta name=\"robots\" content=\"index, follow, max-snippet:-1, max-image-preview:large, max-video-preview:-1\" \/>\n<link rel=\"canonical\" href=\"https:\/\/pedraforca.com\/fr\/contact-2\/\" \/>\n<meta property=\"og:locale\" content=\"fr_FR\" \/>\n<meta property=\"og:type\" content=\"article\" \/>\n<meta property=\"og:title\" content=\"Contact - Hostal Pedraforca\" \/>\n<meta property=\"og:url\" content=\"https:\/\/pedraforca.com\/fr\/contact-2\/\" \/>\n<meta property=\"og:site_name\" content=\"Hostal Pedraforca\" \/>\n<meta property=\"article:modified_time\" content=\"2025-05-06T10:27:03+00:00\" \/>\n<meta name=\"twitter:card\" content=\"summary_large_image\" \/>\n<meta name=\"twitter:label1\" content=\"Dur\u00e9e de lecture estim\u00e9e\" \/>\n\t<meta name=\"twitter:data1\" content=\"1 minute\" \/>\n<script type=\"application\/ld+json\" class=\"yoast-schema-graph\">{\"@context\":\"https:\\\/\\\/schema.org\",\"@graph\":[{\"@type\":\"WebPage\",\"@id\":\"https:\\\/\\\/pedraforca.com\\\/fr\\\/contact-2\\\/\",\"url\":\"https:\\\/\\\/pedraforca.com\\\/fr\\\/contact-2\\\/\",\"name\":\"Contact - Hostal Pedraforca\",\"isPartOf\":{\"@id\":\"https:\\\/\\\/pedraforca.com\\\/fr\\\/#website\"},\"datePublished\":\"2025-05-06T09:09:04+00:00\",\"dateModified\":\"2025-05-06T10:27:03+00:00\",\"breadcrumb\":{\"@id\":\"https:\\\/\\\/pedraforca.com\\\/fr\\\/contact-2\\\/#breadcrumb\"},\"inLanguage\":\"fr-FR\",\"potentialAction\":[{\"@type\":\"ReadAction\",\"target\":[\"https:\\\/\\\/pedraforca.com\\\/fr\\\/contact-2\\\/\"]}]},{\"@type\":\"BreadcrumbList\",\"@id\":\"https:\\\/\\\/pedraforca.com\\\/fr\\\/contact-2\\\/#breadcrumb\",\"itemListElement\":[{\"@type\":\"ListItem\",\"position\":1,\"name\":\"Inici\",\"item\":\"https:\\\/\\\/pedraforca.com\\\/fr\\\/\"},{\"@type\":\"ListItem\",\"position\":2,\"name\":\"Contact\"}]},{\"@type\":\"WebSite\",\"@id\":\"https:\\\/\\\/pedraforca.com\\\/fr\\\/#website\",\"url\":\"https:\\\/\\\/pedraforca.com\\\/fr\\\/\",\"name\":\"Hostal Pedraforca\",\"description\":\"Descansa al peu del Pedraforca, dins un entorn natural incomparable\",\"potentialAction\":[{\"@type\":\"SearchAction\",\"target\":{\"@type\":\"EntryPoint\",\"urlTemplate\":\"https:\\\/\\\/pedraforca.com\\\/fr\\\/?s={search_term_string}\"},\"query-input\":{\"@type\":\"PropertyValueSpecification\",\"valueRequired\":true,\"valueName\":\"search_term_string\"}}],\"inLanguage\":\"fr-FR\"}]}<\/script>\n<!-- \/ Yoast SEO plugin. -->","yoast_head_json":{"title":"Contact - Hostal Pedraforca","robots":{"index":"index","follow":"follow","max-snippet":"max-snippet:-1","max-image-preview":"max-image-preview:large","max-video-preview":"max-video-preview:-1"},"canonical":"https:\/\/pedraforca.com\/fr\/contact-2\/","og_locale":"fr_FR","og_type":"article","og_title":"Contact - Hostal Pedraforca","og_url":"https:\/\/pedraforca.com\/fr\/contact-2\/","og_site_name":"Hostal Pedraforca","article_modified_time":"2025-05-06T10:27:03+00:00","twitter_card":"summary_large_image","twitter_misc":{"Dur\u00e9e de lecture estim\u00e9e":"1 minute"},"schema":{"@context":"https:\/\/schema.org","@graph":[{"@type":"WebPage","@id":"https:\/\/pedraforca.com\/fr\/contact-2\/","url":"https:\/\/pedraforca.com\/fr\/contact-2\/","name":"Contact - Hostal Pedraforca","isPartOf":{"@id":"https:\/\/pedraforca.com\/fr\/#website"},"datePublished":"2025-05-06T09:09:04+00:00","dateModified":"2025-05-06T10:27:03+00:00","breadcrumb":{"@id":"https:\/\/pedraforca.com\/fr\/contact-2\/#breadcrumb"},"inLanguage":"fr-FR","potentialAction":[{"@type":"ReadAction","target":["https:\/\/pedraforca.com\/fr\/contact-2\/"]}]},{"@type":"BreadcrumbList","@id":"https:\/\/pedraforca.com\/fr\/contact-2\/#breadcrumb","itemListElement":[{"@type":"ListItem","position":1,"name":"Inici","item":"https:\/\/pedraforca.com\/fr\/"},{"@type":"ListItem","position":2,"name":"Contact"}]},{"@type":"WebSite","@id":"https:\/\/pedraforca.com\/fr\/#website","url":"https:\/\/pedraforca.com\/fr\/","name":"Hostal Pedraforca","description":"Descansa al peu del Pedraforca, dins un entorn natural incomparable","potentialAction":[{"@type":"SearchAction","target":{"@type":"EntryPoint","urlTemplate":"https:\/\/pedraforca.com\/fr\/?s={search_term_string}"},"query-input":{"@type":"PropertyValueSpecification","valueRequired":true,"valueName":"search_term_string"}}],"inLanguage":"fr-FR"}]}},"_links":{"self":[{"href":"https:\/\/pedraforca.com\/fr\/wp-json\/wp\/v2\/pages\/836","targetHints":{"allow":["GET"]}}],"collection":[{"href":"https:\/\/pedraforca.com\/fr\/wp-json\/wp\/v2\/pages"}],"about":[{"href":"https:\/\/pedraforca.com\/fr\/wp-json\/wp\/v2\/types\/page"}],"author":[{"embeddable":true,"href":"https:\/\/pedraforca.com\/fr\/wp-json\/wp\/v2\/users\/3"}],"replies":[{"embeddable":true,"href":"https:\/\/pedraforca.com\/fr\/wp-json\/wp\/v2\/comments?post=836"}],"version-history":[{"count":2,"href":"https:\/\/pedraforca.com\/fr\/wp-json\/wp\/v2\/pages\/836\/revisions"}],"predecessor-version":[{"id":988,"href":"https:\/\/pedraforca.com\/fr\/wp-json\/wp\/v2\/pages\/836\/revisions\/988"}],"wp:attachment":[{"href":"https:\/\/pedraforca.com\/fr\/wp-json\/wp\/v2\/media?parent=836"}],"curies":[{"name":"wp","href":"https:\/\/api.w.org\/{rel}","templated":true}]}}