{"id":789,"date":"2025-05-06T11:08:22","date_gmt":"2025-05-06T09:08:22","guid":{"rendered":"https:\/\/pedraforca.com\/mentions-legales\/"},"modified":"2025-05-06T11:08:22","modified_gmt":"2025-05-06T09:08:22","slug":"mentions-legales","status":"publish","type":"page","link":"https:\/\/pedraforca.com\/fr\/mentions-legales\/","title":{"rendered":"Mentions l\u00e9gales"},"content":{"rendered":"\r\n\r\n<h1>Mentions l\u00e9gales<\/h1>\r\n<h2>0. Identification<\/h2>\r\n<p>Hostal Pedraforca SA, au-del\u00e0 L\u2019ENTREPRISE, conform\u00e9ment \u00e0 la loi n \u00b0 34\/2002 du 11 juillet sur les services de la soci\u00e9t\u00e9 de l'information et le commerce \u00e9lectronique, vous informe que:<\/p>\r\n<ul>\r\n<li>Sa d\u00e9nomination sociale est: Hostal Pedraforca SA<\/li>\r\n<li>Son nom commercial est: Hostal Pedraforca<\/li>\r\n<li>Son CIF est: A58032277<\/li>\r\n<li>Son si\u00e8ge social est: BARRI MASSANES 08699, SALDES, BARCELONA<\/li>\r\n<\/ul>\r\n<h2>1. Objet<\/h2>\r\n<p>Cet avis juridique r\u00e9git l'utilisation et l'utilisation du site web www.ergates.net, propri\u00e9t\u00e9 de L\u2019ENTREPRISE.<\/p>\r\n<p>La navigation sur le site Web de L\u2019ENTREPRISE attribue la condition d\u2019UTILISATEUR et implique l\u2019acceptation pleine et sans r\u00e9serve de chacune des conditions publi\u00e9es dans le pr\u00e9sent avis l\u00e9gal, en avertissant que ces conditions peuvent \u00eatre modifi\u00e9es sans notification pr\u00e9alable par L\u2019ENTREPRISE, auquel cas il sera publi\u00e9 et notifi\u00e9 dans les meilleurs d\u00e9lais.<\/p>\r\n<p>Par cons\u00e9quent, il est conseill\u00e9 de lire attentivement le contenu si vous souhaitez acc\u00e9der aux informations et services propos\u00e9s sur ce site et les utiliser.<\/p>\r\n<p>L'utilisateur s'engage \u00e9galement \u00e0 utiliser correctement le site Web conform\u00e9ment \u00e0 la l\u00e9gislation, \u00e0 la bonne foi, \u00e0 l'ordre public, aux utilisations du trafic et au pr\u00e9sent avis juridique, et r\u00e9pondra \u00e0 L\u2019ENTREPRISE ou \u00e0 des tiers, de dommages qui pourraient \u00eatre caus\u00e9s par la violation de cette obligation.<\/p>\r\n<p>Toute utilisation autre que celle autoris\u00e9e est express\u00e9ment interdite et L\u2019ENTREPRISE peut refuser ou retirer l'acc\u00e8s et l'utilisation \u00e0 tout moment.<\/p>\r\n<h2>2. Communications<\/h2>\r\n<p>Pour communiquer avec nous, nous mettons \u00e0 votre disposition diff\u00e9rents moyens de contact que nous d\u00e9taillons ci-dessous:<\/p>\r\n<ul>\r\n<li>t\u00e9l\u00e9phone<\/li>\r\n<li>courrier \u00e9lectronique<\/li>\r\n<\/ul>\r\n<p>Toutes les notifications et communications entre les utilisateurs et L\u2019ENTREPRISE seront consid\u00e9r\u00e9es comme efficaces, \u00e0 toutes fins utiles, si elles sont effectu\u00e9es en utilisant l\u2019un des moyens mentionn\u00e9s ci-dessus.<\/p>\r\n<h2>3. Conditions d'acc\u00e8s et d'utilisation<\/h2>\r\n<p>Le site et ses services sont en acc\u00e8s libre et gratuit. Cependant, L\u2019ENTREPRISE peut alt\u00e9rer l'utilisation de certains des.<\/p>\r\n<p>L'utilisateur garantit l'authenticit\u00e9 et l'actualit\u00e9 de toutes les donn\u00e9es fournies \u00e0 L\u2019ENTREPRISE et sera seul responsable de toutes d\u00e9clarations fausses ou inexactes.<\/p>\r\n<p>L'utilisateur s'engage express\u00e9ment \u00e0 utiliser les contenus et les services de L\u2019ENTREPRISE de mani\u00e8re ad\u00e9quate, et \u00e0 ne pas les utiliser, entre autres:<\/p>\r\n<ol>\r\n<li>Diffuser des informations criminelles, violentes, pornographiques, racistes, x\u00e9nophobes, offensantes, du contenu du terrorisme ou, d'une mani\u00e8re g\u00e9n\u00e9rale, contraires \u00e0 la loi ou \u00e0 l'ordre public.<\/li>\r\n<li>Introduisez dans le r\u00e9seau des virus informatiques ou effectuez des actions susceptibles d'alt\u00e9rer, d'interrompre ou de g\u00e9n\u00e9rer des erreurs ou des dommages aux documents \u00e9lectroniques, aux donn\u00e9es ou aux syst\u00e8mes physiques et logiques de L\u2019ENTREPRISE ou de tiers.<\/li>\r\n<li>Essayez d'acc\u00e9der aux comptes de messagerie d'autres utilisateurs ou \u00e0 des zones restreintes des syst\u00e8mes informatiques d'L\u2019ENTREPRISE ou de tiers.<\/li>\r\n<li>Enfreindre les droits de propri\u00e9t\u00e9 intellectuelle ou industrielle, ainsi que violer la confidentialit\u00e9 des informations d\u2019L\u2019ENTREPRISE ou de tiers.<\/li>\r\n<li>Emprunter l'identit\u00e9 de tout autre utilisateur.<\/li>\r\n<li>Reproduire, copier, distribuer, mettre \u00e0 disposition, ou toute autre forme de communication publique, transformer ou modifier le contenu, sauf si vous avez l'autorisation du propri\u00e9taire des droits correspondants ou si elle est l\u00e9galement autoris\u00e9e.<\/li>\r\n<li>Recueillez des donn\u00e9es \u00e0 des fins publicitaires et envoyez des publicit\u00e9s de toute nature et des communications sans un consentement pr\u00e9alable.<\/li>\r\n<\/ol>\r\n<p>Tous les contenus du site, tels que les textes, les photographies, les graphiques, les images, les ic\u00f4nes, la technologie, les logiciels, ainsi que son graphisme et ses codes sources, constituent une \u0153uvre et que le bien appartient \u00e0 L\u2019ENTREPRISE, sans interpr\u00e9tation par l'utilisateur.<\/p>\r\n<p>En bref, les utilisateurs qui acc\u00e8dent \u00e0 ce site Web peuvent visualiser le contenu et, le cas \u00e9ch\u00e9ant, faire des copies priv\u00e9es, \u00e0 condition que les \u00e9l\u00e9ments reproduits ne soient pas ult\u00e9rieurement transf\u00e9r\u00e9s \u00e0 des tiers, ni install\u00e9s sur des serveurs connect\u00e9s \u00e0 des r\u00e9seaux, ni soumis \u00e0 des modifications.<\/p>\r\n<p>De m\u00eame, toutes les marques, d\u00e9nominations commerciales ou signes distinctifs de quelque nature que ce soit qui apparaissent sur le site sont la propri\u00e9t\u00e9 de L\u2019ENTREPRISE, sans qu'il soit entendu que l'utilisation ou l'acc\u00e8s \u00e0 celle-ci conf\u00e8re \u00e0 l'utilisateur des droits sur ceux-ci.<\/p>\r\n<p>La distribution, la modification, la cession ou la communication publique du contenu et tout autre acte non express\u00e9ment autoris\u00e9 par le titulaire des droits d'exploitation sont interdits.<\/p>\r\n<p>L'\u00e9tablissement d'un hyperlien n'implique en aucun cas l'existence de relations entre L\u2019ENTREPRISE et le propri\u00e9taire du site Web sur lequel il est cr\u00e9\u00e9, ni l'acceptation et l'approbation par L\u2019ENTREPRISE de ses contenus ou services.<\/p>\r\n<p>L\u2019ENTREPRISE n'est pas responsable de l'utilisation que chaque utilisateur donne aux documents mis \u00e0 disposition sur ce site web ni des actions effectu\u00e9es en fonction de ceux-ci.<\/p>\r\n<h3>3.1 Exclusion de garanties et de responsabilit\u00e9 en mati\u00e8re d'acc\u00e8s et d'utilisation<\/h3>\r\n<p>Le contenu de ce site Web est de nature g\u00e9n\u00e9rale et a un but purement informatif, sans garantir pleinement l'acc\u00e8s \u00e0 tout contenu, \u00e0 son exhaustivit\u00e9, \u00e0 son exactitude, \u00e0 sa validit\u00e9, \u00e0 son actualit\u00e9, \u00e0 son ad\u00e9quation ou \u00e0 son utilit\u00e9 pour un usage sp\u00e9cifique.<\/p>\r\n<p>L\u2019ENTREPRISE exclut, dans la mesure o\u00f9 la loi le permet, toute responsabilit\u00e9 pour des dommages de toute nature r\u00e9sultant:<\/p>\r\n<ol>\r\n<li>L\u2019impossibilit\u00e9 d\u2019acc\u00e9der au site ou le manque de v\u00e9racit\u00e9, d\u2019exactitude, d\u2019exhaustivit\u00e9 et \/ ou de ponctualit\u00e9 des contenus.<\/li>\r\n<li>La pr\u00e9sence de virus ou d\u2019autres \u00e9l\u00e9ments dans le contenu susceptibles d\u2019alt\u00e9rer les syst\u00e8mes informatiques, les documents \u00e9lectroniques ou les donn\u00e9es des utilisateurs.<\/li>\r\n<li>Non-respect des lois, bonne foi, ordre public, utilisation de la circulation et des pr\u00e9sentes mentions l\u00e9gales du fait de l\u2019utilisation incorrecte du site Web. En particulier et \u00e0 titre d'exemple, L\u2019ENTREPRISE n'est pas responsable des actions de tiers qui portent atteinte aux droits de propri\u00e9t\u00e9 intellectuelle et industrielle, aux secrets d'affaires, aux droits d'honneur, au respect de la vie priv\u00e9e et familiale et \u00e0 l'image elle-m\u00eame, ainsi qu'aux r\u00e9glementation de la concurrence d\u00e9loyale et de la publicit\u00e9 illicite.<\/li>\r\n<\/ol>\r\n<p>De m\u00eame, L\u2019ENTREPRISE d\u00e9cline toute responsabilit\u00e9 en ce qui concerne les informations qui se trouvent en dehors de ce site Web et qui ne sont pas g\u00e9r\u00e9es directement par notre webmaster. Les liens externes susceptibles d\u2019appara\u00eetre sur ce site Web servent exclusivement \u00e0 informer l\u2019utilisateur de l\u2019existence d\u2019autres sources susceptibles d\u2019\u00e9largir le contenu propos\u00e9 par ce site Web. L\u2019ENTREPRISE ne garantit pas et n'est pas responsable du fonctionnement ou de l'accessibilit\u00e9 des sites li\u00e9s. ni sugg\u00e8re, invite ou recommande la visite \u00e0 eux, de sorte qu'il ne sera pas responsable du r\u00e9sultat. L\u2019ENTREPRISE n'est pas responsable de l'\u00e9tablissement de liens hypertextes par des tiers.<\/p>\r\n<h3>3.2 Proc\u00e9dure en cas d'activit\u00e9s ill\u00e9gales<\/h3>\r\n<p>Si un utilisateur ou une tierce partie estime qu'il existe des faits ou des circonstances r\u00e9v\u00e9lant le caract\u00e8re ill\u00e9gal de l'utilisation de tout contenu et \/ ou de l'ex\u00e9cution de toute activit\u00e9 sur les pages Web incluses ou accessibles via le site Web, vous devez envoyer une notification \u00e0 L\u2019ENTREPRISE, identifiant et pr\u00e9cisant les infractions pr\u00e9sum\u00e9es.<\/p>\r\n<h3>3.3 Publications<\/h3>\r\n<p>Les informations administratives fournies via le site Web ne se substituent pas \u00e0 la publicit\u00e9 l\u00e9gale des lois, r\u00e8glements, plans, dispositions g\u00e9n\u00e9rales et actes qui doivent \u00eatre officiellement publi\u00e9s dans les journaux officiels des administrations publiques, qui constituent le seul instrument qui atteste son authenticit\u00e9 et son contenu. Les informations disponibles sur ce site Web doivent \u00eatre consid\u00e9r\u00e9es comme un guide sans aucune validit\u00e9 l\u00e9gale.<\/p>\r\n<h2>4. L\u00e9gislation applicable<\/h2>\r\n<p>Les pr\u00e9sentes conditions seront r\u00e9gies par la l\u00e9gislation espagnole en vigueur.<\/p>\r\n\n","protected":false},"excerpt":{"rendered":"","protected":false},"author":3,"featured_media":0,"parent":0,"menu_order":0,"comment_status":"closed","ping_status":"closed","template":"","meta":{"footnotes":""},"class_list":["post-789","page","type-page","status-publish","hentry"],"yoast_head":"<!-- This site is optimized with the Yoast SEO plugin v27.3 - https:\/\/yoast.com\/product\/yoast-seo-wordpress\/ -->\n<title>Mentions l\u00e9gales - Hostal Pedraforca<\/title>\n<meta name=\"robots\" content=\"noindex, nofollow\" \/>\n<meta property=\"og:locale\" content=\"fr_FR\" \/>\n<meta property=\"og:type\" content=\"article\" \/>\n<meta property=\"og:title\" content=\"Mentions l\u00e9gales - Hostal Pedraforca\" \/>\n<meta property=\"og:url\" content=\"https:\/\/pedraforca.com\/fr\/mentions-legales\/\" \/>\n<meta property=\"og:site_name\" content=\"Hostal Pedraforca\" \/>\n<meta name=\"twitter:card\" content=\"summary_large_image\" \/>\n<script type=\"application\/ld+json\" class=\"yoast-schema-graph\">{\"@context\":\"https:\\\/\\\/schema.org\",\"@graph\":[{\"@type\":\"WebPage\",\"@id\":\"https:\\\/\\\/pedraforca.com\\\/fr\\\/mentions-legales\\\/\",\"url\":\"https:\\\/\\\/pedraforca.com\\\/fr\\\/mentions-legales\\\/\",\"name\":\"Mentions l\u00e9gales - Hostal Pedraforca\",\"isPartOf\":{\"@id\":\"https:\\\/\\\/pedraforca.com\\\/fr\\\/#website\"},\"datePublished\":\"2025-05-06T09:08:22+00:00\",\"breadcrumb\":{\"@id\":\"https:\\\/\\\/pedraforca.com\\\/fr\\\/mentions-legales\\\/#breadcrumb\"},\"inLanguage\":\"fr-FR\",\"potentialAction\":[{\"@type\":\"ReadAction\",\"target\":[\"https:\\\/\\\/pedraforca.com\\\/fr\\\/mentions-legales\\\/\"]}]},{\"@type\":\"BreadcrumbList\",\"@id\":\"https:\\\/\\\/pedraforca.com\\\/fr\\\/mentions-legales\\\/#breadcrumb\",\"itemListElement\":[{\"@type\":\"ListItem\",\"position\":1,\"name\":\"Inici\",\"item\":\"https:\\\/\\\/pedraforca.com\\\/fr\\\/\"},{\"@type\":\"ListItem\",\"position\":2,\"name\":\"Mentions l\u00e9gales\"}]},{\"@type\":\"WebSite\",\"@id\":\"https:\\\/\\\/pedraforca.com\\\/fr\\\/#website\",\"url\":\"https:\\\/\\\/pedraforca.com\\\/fr\\\/\",\"name\":\"Hostal Pedraforca\",\"description\":\"Descansa al peu del Pedraforca, dins un entorn natural incomparable\",\"potentialAction\":[{\"@type\":\"SearchAction\",\"target\":{\"@type\":\"EntryPoint\",\"urlTemplate\":\"https:\\\/\\\/pedraforca.com\\\/fr\\\/?s={search_term_string}\"},\"query-input\":{\"@type\":\"PropertyValueSpecification\",\"valueRequired\":true,\"valueName\":\"search_term_string\"}}],\"inLanguage\":\"fr-FR\"}]}<\/script>\n<!-- \/ Yoast SEO plugin. -->","yoast_head_json":{"title":"Mentions l\u00e9gales - Hostal Pedraforca","robots":{"index":"noindex","follow":"nofollow"},"og_locale":"fr_FR","og_type":"article","og_title":"Mentions l\u00e9gales - Hostal Pedraforca","og_url":"https:\/\/pedraforca.com\/fr\/mentions-legales\/","og_site_name":"Hostal Pedraforca","twitter_card":"summary_large_image","schema":{"@context":"https:\/\/schema.org","@graph":[{"@type":"WebPage","@id":"https:\/\/pedraforca.com\/fr\/mentions-legales\/","url":"https:\/\/pedraforca.com\/fr\/mentions-legales\/","name":"Mentions l\u00e9gales - Hostal Pedraforca","isPartOf":{"@id":"https:\/\/pedraforca.com\/fr\/#website"},"datePublished":"2025-05-06T09:08:22+00:00","breadcrumb":{"@id":"https:\/\/pedraforca.com\/fr\/mentions-legales\/#breadcrumb"},"inLanguage":"fr-FR","potentialAction":[{"@type":"ReadAction","target":["https:\/\/pedraforca.com\/fr\/mentions-legales\/"]}]},{"@type":"BreadcrumbList","@id":"https:\/\/pedraforca.com\/fr\/mentions-legales\/#breadcrumb","itemListElement":[{"@type":"ListItem","position":1,"name":"Inici","item":"https:\/\/pedraforca.com\/fr\/"},{"@type":"ListItem","position":2,"name":"Mentions l\u00e9gales"}]},{"@type":"WebSite","@id":"https:\/\/pedraforca.com\/fr\/#website","url":"https:\/\/pedraforca.com\/fr\/","name":"Hostal Pedraforca","description":"Descansa al peu del Pedraforca, dins un entorn natural incomparable","potentialAction":[{"@type":"SearchAction","target":{"@type":"EntryPoint","urlTemplate":"https:\/\/pedraforca.com\/fr\/?s={search_term_string}"},"query-input":{"@type":"PropertyValueSpecification","valueRequired":true,"valueName":"search_term_string"}}],"inLanguage":"fr-FR"}]}},"_links":{"self":[{"href":"https:\/\/pedraforca.com\/fr\/wp-json\/wp\/v2\/pages\/789","targetHints":{"allow":["GET"]}}],"collection":[{"href":"https:\/\/pedraforca.com\/fr\/wp-json\/wp\/v2\/pages"}],"about":[{"href":"https:\/\/pedraforca.com\/fr\/wp-json\/wp\/v2\/types\/page"}],"author":[{"embeddable":true,"href":"https:\/\/pedraforca.com\/fr\/wp-json\/wp\/v2\/users\/3"}],"replies":[{"embeddable":true,"href":"https:\/\/pedraforca.com\/fr\/wp-json\/wp\/v2\/comments?post=789"}],"version-history":[{"count":0,"href":"https:\/\/pedraforca.com\/fr\/wp-json\/wp\/v2\/pages\/789\/revisions"}],"wp:attachment":[{"href":"https:\/\/pedraforca.com\/fr\/wp-json\/wp\/v2\/media?parent=789"}],"curies":[{"name":"wp","href":"https:\/\/api.w.org\/{rel}","templated":true}]}}