{"id":785,"date":"2025-05-06T11:08:22","date_gmt":"2025-05-06T09:08:22","guid":{"rendered":"https:\/\/pedraforca.com\/politique-relative-aux-cookies\/"},"modified":"2025-05-06T11:08:22","modified_gmt":"2025-05-06T09:08:22","slug":"politique-relative-aux-cookies","status":"publish","type":"page","link":"https:\/\/pedraforca.com\/fr\/politique-relative-aux-cookies\/","title":{"rendered":"Politique relative aux cookies"},"content":{"rendered":"<h1>Politique de cookies<\/h1>\r\n<h2>Que sont les cookies?<\/h2>\r\n<p>Un cookie est un fichier t\u00e9l\u00e9charg\u00e9 sur votre ordinateur lorsque vous acc\u00e9dez \u00e0 certaines pages Web. Les cookies permettent, entre autres, \u00e0 une page Web de stocker et de r\u00e9cup\u00e9rer des informations sur les habitudes de navigation d'un utilisateur ou d'une \u00e9quipe et, en fonction des informations qu'ils, d'identifier utilisateur.<\/p>\r\n<h2>Quels cookies ce site utilise-t-il et que sont-ils?<\/h2>\r\n<p>Ce site utilise des cookies \u00e0 plusieurs fins. Les d\u00e9tails des cookies utilis\u00e9s sur ce site sont les suivants:<\/p>\r\n<table width='656'>\r\n<tbody>\r\n<tr>\r\n<td width='68'>\r\n<p>Cookie<\/p>\r\n<\/td>\r\n<td width='67'>\r\n<p>Nom<\/p>\r\n<\/td>\r\n<td width='61'>\r\n<p>Type<\/p>\r\n<\/td>\r\n<td width='318'>\r\n<p>But<\/p>\r\n<\/td>\r\n<td width='142'>\r\n<p>Plus d'informations<\/p>\r\n<\/td>\r\n<\/tr>\r\n<tr>\r\n<td width='68'>\r\n<p>_ga<\/p>\r\n<\/td>\r\n<td width='67'>\r\n<p>Google Analytics<\/p>\r\n<\/td>\r\n<td width='61'>\r\n<p>de tiers<\/p>\r\n<\/td>\r\n<td width='318'>\r\n<p>Ce nom de cookie est associ\u00e9 \u00e0 Google Universal Analytics, une mise \u00e0 jour significative du service Google Analytics le plus utilis\u00e9. Ce cookie est utilis\u00e9 pour distinguer les utilisateurs uniques en attribuant un num\u00e9ro g\u00e9n\u00e9r\u00e9 al\u00e9atoirement comme identifiant du client. Il est inclus dans chaque demande de page d'un site et est utilis\u00e9 pour calculer les donn\u00e9es sur les visiteurs, les sessions et les campagnes pour les rapports d'analyse. Par d\u00e9faut, il expirera au bout de 2 ans, m\u00eame s'il est personnalisable par les propri\u00e9taires du site.<\/p>\r\n<\/td>\r\n<td width='142'>\r\n<p><a href='https:\/\/marketingplatform.google.com\/about\/analytics\/'>https:\/\/marketingplatform.google.com\/about\/analytics\/<\/a><\/p>\r\n<p>\u00a0<\/p>\r\n<\/td>\r\n<\/tr>\r\n<tr>\r\n<td width='68'>\r\n<p>_gid<\/p>\r\n<p>\u00a0<\/p>\r\n<\/td>\r\n<td width='67'>\r\n<p>Google Analytics<\/p>\r\n<\/td>\r\n<td width='61'>\r\n<p>de tiers<\/p>\r\n<\/td>\r\n<td width='318'>\r\n<p>Ce nom de cookie est associ\u00e9 \u00e0 Google Universal Analytics. Ceci est un nouveau cookie qui stocke et met \u00e0 jour une valeur unique pour chaque page visit\u00e9e.<\/p>\r\n<\/td>\r\n<td width='142'>\r\n<p><a href='https:\/\/marketingplatform.google.com\/about\/analytics\/'>https:\/\/marketingplatform.google.com\/about\/analytics\/<\/a><\/p>\r\n<p>\u00a0<\/p>\r\n<\/td>\r\n<\/tr>\r\n<tr>\r\n<td width='68'>\r\n<p>_gat<\/p>\r\n<p>\u00a0<\/p>\r\n<\/td>\r\n<td width='67'>\r\n<p>Google Analytics<\/p>\r\n<\/td>\r\n<td width='61'>\r\n<p>de tiers<\/p>\r\n<\/td>\r\n<td width='318'>\r\n<p>Le cookie associ\u00e9 \u00e0 Google Universal Analytics permet d\u2019acc\u00e9l\u00e9rer le pourcentage de demandes en limitant la collecte de donn\u00e9es dans les lieux tr\u00e8s fr\u00e9quent\u00e9s. Battre apr\u00e8s 10 minutes.<\/p>\r\n<\/td>\r\n<td width='142'>\r\n<p><a href='https:\/\/marketingplatform.google.com\/about\/analytics\/'>https:\/\/marketingplatform.google.com\/about\/analytics\/<\/a><\/p>\r\n<p>\u00a0<\/p>\r\n<\/td>\r\n<\/tr>\r\n<tr>\r\n<td width='68'>\r\n<p>240planD<\/p>\r\n<\/td>\r\n<td width='67'>\r\n<p>240planD<\/p>\r\n<\/td>\r\n<td width='61'>\r\n<p>poss\u00e9der<\/p>\r\n<\/td>\r\n<td width='318'>\r\n<p>Il s\u2019agit d\u2019un cookie technique dont l\u2019utilisation est sp\u00e9cifique \u00e0 notre h\u00f4te OVH Roubaix et permet, entre autres, de garantir la r\u00e9partition de la charge sur des serveurs.<\/p>\r\n<\/td>\r\n<td width='142'>\r\n<p>\u00a0<\/p>\r\n<\/td>\r\n<\/tr>\r\n<tr>\r\n<td width='68'>\r\n<p>PHPSESSID<\/p>\r\n<p>\u00a0<\/p>\r\n<\/td>\r\n<td width='67'>\r\n<p>PHPSESSID<\/p>\r\n<p>\u00a0<\/p>\r\n<\/td>\r\n<td width='61'>\r\n<p>poss\u00e9der<\/p>\r\n<\/td>\r\n<td width='318'>\r\n<p>Cookie g\u00e9n\u00e9r\u00e9 par des applications bas\u00e9es sur le langage PHP. Il s'agit d'un identifiant \u00e0 usage g\u00e9n\u00e9ral utilis\u00e9 pour g\u00e9rer les variables de session utilisateur. Normalement, il s'agit d'un num\u00e9ro g\u00e9n\u00e9r\u00e9 al\u00e9atoirement. Son utilisation peut \u00eatre sp\u00e9cifique \u00e0 un site. Par exemple, gardez les donn\u00e9es d'un \u00e9tat utilisateur enregistr\u00e9 entre les pages.<\/p>\r\n<\/td>\r\n<td width='142'>\r\n<p><a href='http:\/\/php.net\/manual\/en\/function.session-id.php'>http:\/\/php.net\/manual\/en\/function.session-id.php<\/a><\/p>\r\n<p>\u00a0<\/p>\r\n<\/td>\r\n<\/tr>\r\n<tr>\r\n<td width='68'>\r\n<p>aviaCookieConsent<\/p>\r\n<p>\u00a0<\/p>\r\n<\/td>\r\n<td width='67'>\r\n<p>aviaCookieConsent<\/p>\r\n<\/td>\r\n<td width='61'>\r\n<p>poss\u00e9der<\/p>\r\n<\/td>\r\n<td width='318'>\r\n<p>Cookie stockant l'acceptation ou non de l'utilisateur pour continuer \u00e0 naviguer sur la page Web.<\/p>\r\n<\/td>\r\n<td width='142'>\r\n<p>\u00a0<\/p>\r\n<\/td>\r\n<\/tr>\r\n<tr>\r\n<td width='68'>\r\n<p>wordpress_test_cookie<\/p>\r\n<\/td>\r\n<td width='67'>\r\n<p>wordpress_test_cookie<\/p>\r\n<\/td>\r\n<td width='61'>\r\n<p>poss\u00e9der<\/p>\r\n<\/td>\r\n<td width='318'>\r\n<p>Ce cookie est utilis\u00e9 par le gestionnaire de contenu WordPress pour v\u00e9rifier si le navigateur a activ\u00e9 les cookies.<\/p>\r\n<\/td>\r\n<td width='142'>\r\n<p>\u00a0<\/p>\r\n<\/td>\r\n<\/tr>\r\n<tr>\r\n<td width='68'>\r\n<p>wordpress_logged_in_<\/p>\r\n<\/td>\r\n<td width='67'>\r\n<p>wordpress_logged_in_<\/p>\r\n<\/td>\r\n<td width='61'>\r\n<p>poss\u00e9der<\/p>\r\n<\/td>\r\n<td width='318'>\r\n<p>Apr\u00e8s la connexion, WordPress active le cookie wordpress_logged_in_, dont la fonction est d'indiquer quand il a \u00e9t\u00e9 connect\u00e9 et de qui il s'agit, en cours d'utilisation par l'interface WordPress.<\/p>\r\n<\/td>\r\n<td width='142'>\r\n<p>\u00a0<\/p>\r\n<\/td>\r\n<\/tr>\r\n<tr>\r\n<td width='68'>\r\n<p>wp-settings-time-X, wp-settings-X<\/p>\r\n<\/td>\r\n<td width='67'>\r\n<p>wp-settings-time-X, wp-settings-X<\/p>\r\n<\/td>\r\n<td width='61'>\r\n<p>poss\u00e9der<\/p>\r\n<\/td>\r\n<td width='318'>\r\n<p>WordPress utilise ces cookies pour personnaliser l'interface utilisateur.<\/p>\r\n<\/td>\r\n<td width='142'>\r\n<p>\u00a0<\/p>\r\n<\/td>\r\n<\/tr>\r\n<\/tbody>\r\n<\/table>\r\n<p>\u00a0<\/p>\r\n<p>Remarque: les cookies de type 'Propre' ne sont utilis\u00e9s que par le propri\u00e9taire de ce site Web et les cookies 'tiers' par le prestataire de service d\u00e9taill\u00e9 dans le tableau pr\u00e9c\u00e9dent.<\/p>\r\n<h2>Comment puis-je d\u00e9sactiver ou supprimer ces cookies?<\/h2>\r\n<p>Vous pouvez autoriser, bloquer ou \u00e9liminer les cookies install\u00e9s sur votre ordinateur en configurant les options du navigateur sur votre ordinateur:<\/p>\r\n<ul>\r\n<li>Firefox: <a href='http:\/\/support.mozilla.org\/es\/kb\/habilitar-y-deshabilitar-cookies-que-los-sitios-we'>http:\/\/support.mozilla.org\/es\/kb\/habilitar-y-deshabilitar-cookies-que-los-sitios-we<\/a><\/li>\r\n<li>Chrome: <a href='http:\/\/support.google.com\/chrome\/bin\/answer.py?hl=es&amp;answer=95647'>http:\/\/support.google.com\/chrome\/bin\/answer.py?hl=fr&amp;answer=95647<\/a><\/li>\r\n<li>Explorer: <a href='http:\/\/windows.microsoft.com\/es-es\/windows7\/how-to-manage-cookies-in-internet-explorer-9'>http:\/\/windows.microsoft.com\/es-es\/windows7\/how-to-manage-cookies-in-internet-explorer-9<\/a><\/li>\r\n<li>Safari: <a href='http:\/\/support.apple.com\/kb\/ph5042'>http:\/\/support.apple.com\/kb\/ph5042<\/a><\/li>\r\n<li>Opera: <a href='https:\/\/www.opera.com\/help\/tutorials\/security\/privacy'>https:\/\/www.opera.com\/help\/tutorials\/security\/privacy<\/a><\/li>\r\n<li>Autres navigateurs: Consultez la documentation du navigateur que vous avez install\u00e9.<\/li>\r\n<\/ul>\r\n<h3>Module compl\u00e9mentaire de d\u00e9sactivation du navigateur Google Analytics<\/h3>\r\n<p>Si vous souhaitez rejeter les cookies analytiques de Google Analytics dans tous les navigateurs, afin que vos informations ne soient pas envoy\u00e9es dans Google Analytics, vous pouvez t\u00e9l\u00e9charger un module compl\u00e9mentaire qui remplit cette fonction \u00e0 partir de ce lien: <a href='https:\/\/tools.google.com\/dlpage\/gaoptout'>https:\/\/tools.google.com\/dlpage\/gaoptout<\/a>.<\/p>\n","protected":false},"excerpt":{"rendered":"","protected":false},"author":3,"featured_media":0,"parent":0,"menu_order":0,"comment_status":"closed","ping_status":"closed","template":"","meta":{"footnotes":""},"class_list":["post-785","page","type-page","status-publish","hentry"],"yoast_head":"<!-- This site is optimized with the Yoast SEO plugin v27.3 - https:\/\/yoast.com\/product\/yoast-seo-wordpress\/ -->\n<title>Politique relative aux cookies - Hostal Pedraforca<\/title>\n<meta name=\"robots\" content=\"noindex, nofollow\" \/>\n<meta property=\"og:locale\" content=\"fr_FR\" \/>\n<meta property=\"og:type\" content=\"article\" \/>\n<meta property=\"og:title\" content=\"Politique relative aux cookies - Hostal Pedraforca\" \/>\n<meta property=\"og:url\" content=\"https:\/\/pedraforca.com\/fr\/politique-relative-aux-cookies\/\" \/>\n<meta property=\"og:site_name\" content=\"Hostal Pedraforca\" \/>\n<meta name=\"twitter:card\" content=\"summary_large_image\" \/>\n<script type=\"application\/ld+json\" class=\"yoast-schema-graph\">{\"@context\":\"https:\\\/\\\/schema.org\",\"@graph\":[{\"@type\":\"WebPage\",\"@id\":\"https:\\\/\\\/pedraforca.com\\\/fr\\\/politique-relative-aux-cookies\\\/\",\"url\":\"https:\\\/\\\/pedraforca.com\\\/fr\\\/politique-relative-aux-cookies\\\/\",\"name\":\"Politique relative aux cookies - Hostal Pedraforca\",\"isPartOf\":{\"@id\":\"https:\\\/\\\/pedraforca.com\\\/fr\\\/#website\"},\"datePublished\":\"2025-05-06T09:08:22+00:00\",\"breadcrumb\":{\"@id\":\"https:\\\/\\\/pedraforca.com\\\/fr\\\/politique-relative-aux-cookies\\\/#breadcrumb\"},\"inLanguage\":\"fr-FR\",\"potentialAction\":[{\"@type\":\"ReadAction\",\"target\":[\"https:\\\/\\\/pedraforca.com\\\/fr\\\/politique-relative-aux-cookies\\\/\"]}]},{\"@type\":\"BreadcrumbList\",\"@id\":\"https:\\\/\\\/pedraforca.com\\\/fr\\\/politique-relative-aux-cookies\\\/#breadcrumb\",\"itemListElement\":[{\"@type\":\"ListItem\",\"position\":1,\"name\":\"Inici\",\"item\":\"https:\\\/\\\/pedraforca.com\\\/fr\\\/\"},{\"@type\":\"ListItem\",\"position\":2,\"name\":\"Politique relative aux cookies\"}]},{\"@type\":\"WebSite\",\"@id\":\"https:\\\/\\\/pedraforca.com\\\/fr\\\/#website\",\"url\":\"https:\\\/\\\/pedraforca.com\\\/fr\\\/\",\"name\":\"Hostal Pedraforca\",\"description\":\"Descansa al peu del Pedraforca, dins un entorn natural incomparable\",\"potentialAction\":[{\"@type\":\"SearchAction\",\"target\":{\"@type\":\"EntryPoint\",\"urlTemplate\":\"https:\\\/\\\/pedraforca.com\\\/fr\\\/?s={search_term_string}\"},\"query-input\":{\"@type\":\"PropertyValueSpecification\",\"valueRequired\":true,\"valueName\":\"search_term_string\"}}],\"inLanguage\":\"fr-FR\"}]}<\/script>\n<!-- \/ Yoast SEO plugin. -->","yoast_head_json":{"title":"Politique relative aux cookies - Hostal Pedraforca","robots":{"index":"noindex","follow":"nofollow"},"og_locale":"fr_FR","og_type":"article","og_title":"Politique relative aux cookies - Hostal Pedraforca","og_url":"https:\/\/pedraforca.com\/fr\/politique-relative-aux-cookies\/","og_site_name":"Hostal Pedraforca","twitter_card":"summary_large_image","schema":{"@context":"https:\/\/schema.org","@graph":[{"@type":"WebPage","@id":"https:\/\/pedraforca.com\/fr\/politique-relative-aux-cookies\/","url":"https:\/\/pedraforca.com\/fr\/politique-relative-aux-cookies\/","name":"Politique relative aux cookies - Hostal Pedraforca","isPartOf":{"@id":"https:\/\/pedraforca.com\/fr\/#website"},"datePublished":"2025-05-06T09:08:22+00:00","breadcrumb":{"@id":"https:\/\/pedraforca.com\/fr\/politique-relative-aux-cookies\/#breadcrumb"},"inLanguage":"fr-FR","potentialAction":[{"@type":"ReadAction","target":["https:\/\/pedraforca.com\/fr\/politique-relative-aux-cookies\/"]}]},{"@type":"BreadcrumbList","@id":"https:\/\/pedraforca.com\/fr\/politique-relative-aux-cookies\/#breadcrumb","itemListElement":[{"@type":"ListItem","position":1,"name":"Inici","item":"https:\/\/pedraforca.com\/fr\/"},{"@type":"ListItem","position":2,"name":"Politique relative aux cookies"}]},{"@type":"WebSite","@id":"https:\/\/pedraforca.com\/fr\/#website","url":"https:\/\/pedraforca.com\/fr\/","name":"Hostal Pedraforca","description":"Descansa al peu del Pedraforca, dins un entorn natural incomparable","potentialAction":[{"@type":"SearchAction","target":{"@type":"EntryPoint","urlTemplate":"https:\/\/pedraforca.com\/fr\/?s={search_term_string}"},"query-input":{"@type":"PropertyValueSpecification","valueRequired":true,"valueName":"search_term_string"}}],"inLanguage":"fr-FR"}]}},"_links":{"self":[{"href":"https:\/\/pedraforca.com\/fr\/wp-json\/wp\/v2\/pages\/785","targetHints":{"allow":["GET"]}}],"collection":[{"href":"https:\/\/pedraforca.com\/fr\/wp-json\/wp\/v2\/pages"}],"about":[{"href":"https:\/\/pedraforca.com\/fr\/wp-json\/wp\/v2\/types\/page"}],"author":[{"embeddable":true,"href":"https:\/\/pedraforca.com\/fr\/wp-json\/wp\/v2\/users\/3"}],"replies":[{"embeddable":true,"href":"https:\/\/pedraforca.com\/fr\/wp-json\/wp\/v2\/comments?post=785"}],"version-history":[{"count":0,"href":"https:\/\/pedraforca.com\/fr\/wp-json\/wp\/v2\/pages\/785\/revisions"}],"wp:attachment":[{"href":"https:\/\/pedraforca.com\/fr\/wp-json\/wp\/v2\/media?parent=785"}],"curies":[{"name":"wp","href":"https:\/\/api.w.org\/{rel}","templated":true}]}}