{"id":784,"date":"2025-05-06T11:08:21","date_gmt":"2025-05-06T09:08:21","guid":{"rendered":"https:\/\/pedraforca.com\/politique-de-confidentialite\/"},"modified":"2025-05-06T11:08:21","modified_gmt":"2025-05-06T09:08:21","slug":"politique-de-confidentialite","status":"publish","type":"page","link":"https:\/\/pedraforca.com\/fr\/politique-de-confidentialite\/","title":{"rendered":"Politique de confidentialit\u00e9"},"content":{"rendered":"<h1>Politique de confidentialit\u00e9<\/h1>\r\n<p>Le pr\u00e9sent document de traitement de donn\u00e9es \u00e0 caract\u00e8re personnel a pour objet de r\u00e9v\u00e9ler la m\u00e9thode de collecte, de traitement et de protection des donn\u00e9es \u00e0 caract\u00e8re personnel collect\u00e9es sur le site Web, afin que les utilisateurs puissent d\u00e9terminer librement et volontairement s\u2019ils souhaitent fournir ses donn\u00e9es personnelles sur ce site.<\/p>\r\n<p>L\u2019acc\u00e8s et l\u2019utilisation du site Web, une fois l\u2019accord expresse donn\u00e9 en cochant la case correspondante de la part de l\u2019utilisateur, implique l\u2019acceptation int\u00e9grale du pr\u00e9sent document sur le traitement des donn\u00e9es \u00e0 caract\u00e8re personnel et s\u2019engagent \u00e0 respecter int\u00e9gralement les termes et conditions \u00e9nonc\u00e9s. Par cons\u00e9quent, l'utilisateur doit lire attentivement ce document \u00e0 chacune des occasions dans lesquelles il a l'intention d'utiliser le site Web, puisqu'il peut \u00eatre modifi\u00e9.<\/p>\r\n<p>Ce document est valable uniquement pour les donn\u00e9es \u00e0 caract\u00e8re personnel obtenues \u00e0 partir du site Web. Il ne s'applique pas aux informations collect\u00e9es par des tiers sur d'autres sites Web, m\u00eame si elles sont li\u00e9es \u00e0 ce site.<\/p>\r\n<h2>Informations sur le traitement des donn\u00e9es<\/h2>\r\n<h3>Qui est responsable du traitement de vos donn\u00e9es?<\/h3>\r\n<p>Le responsable des donn\u00e9es est Hostal Pedraforca SA, au-del\u00e0 L\u2019ENTREPRISE<\/p>\r\n<ul>\r\n<li>Sa d\u00e9nomination sociale est: Hostal Pedraforca SA.<\/li>\r\n<li>Son nom commercial est: Hostal Pedraforca.<\/li>\r\n<li>Son CIF est: A58032277.<\/li>\r\n<li>Son si\u00e8ge social est: BARRI MASSANES 08699, SALDES, BARCELONA.<\/li>\r\n<\/ul>\r\n<p>L\u2019ENTREPRISE vous informe que ces donn\u00e9es seront trait\u00e9es conform\u00e9ment aux dispositions de la r\u00e9glementation en vigueur sur la protection des donn\u00e9es personnelles, R\u00e8glement (UE) 2016\/679 du 27 avril 2016 (RGPD). Les informations de traitement suivantes sont fournies:<\/p>\r\n<h3>Dans quel but traitons-nous vos donn\u00e9es personnelles?<\/h3>\r\n<p>Nous traitons les informations que les int\u00e9ress\u00e9s nous facilitent pour r\u00e9aliser la prospection d'envoi de communications commerciales en base \u00e0 l'int\u00e9r\u00eat d\u00e9montr\u00e9 sur nos produits et services.<\/p>\r\n<h3>Combien de temps allons-nous conserver vos donn\u00e9es?<\/h3>\r\n<p>Les donn\u00e9es seront conserv\u00e9es pendant 10 ans.<\/p>\r\n<h3>Quelle est la l\u00e9gitimit\u00e9 du traitement de vos donn\u00e9es?<\/h3>\r\n<p>Les donn\u00e9es personnelles que nous traitons dans L\u2019ENTREPRISE proviennent de la partie int\u00e9ress\u00e9e, qui a accept\u00e9 le consentement tacite, les donn\u00e9es pouvant \u00eatre utilis\u00e9es aux fins susmentionn\u00e9es.<\/p>\r\n<h3>\u00c0 qui vos donn\u00e9es seront-elles transf\u00e9r\u00e9es?<\/h3>\r\n<p>Les donn\u00e9es ne seront pas transmises \u00e0 des tiers, sauf en cas d'obligation l\u00e9gale.<\/p>\r\n<h3>Transferts de donn\u00e9es vers des pays tiers?<\/h3>\r\n<p>Les transferts de donn\u00e9es vers des pays tiers ne sont pas pr\u00e9vus.<\/p>\r\n<h3>Quels sont vos droits lorsque vous nous fournissez vos donn\u00e9es?<\/h3>\r\n<p>Vous avez le droit d'obtenir confirmation si L\u2019ENTREPRISE traite ou non des donn\u00e9es \u00e0 caract\u00e8re personnel vous concernant.<\/p>\r\n<p>Les parties int\u00e9ress\u00e9es ont le droit d'acc\u00e9der \u00e0 leurs donn\u00e9es \u00e0 caract\u00e8re personnel, ainsi que de demander la rectification de donn\u00e9es inexactes ou, le cas \u00e9ch\u00e9ant, leur suppression lorsque, entre autres raisons, les donn\u00e9es ne sont plus n\u00e9cessaires aux fins qui ont \u00e9t\u00e9 collect\u00e9es.<\/p>\r\n<p>Dans certaines circonstances, les parties int\u00e9ress\u00e9es peuvent demander la limitation du traitement de leurs donn\u00e9es. Dans ce cas, nous les conservons uniquement pour l\u2019exercice ou la d\u00e9fense des cr\u00e9ances.<\/p>\r\n<p>Dans certaines circonstances et pour des raisons li\u00e9es \u00e0 leur situation particuli\u00e8re, les parties int\u00e9ress\u00e9es peuvent s'opposer au traitement de leurs donn\u00e9es. Dans ce cas, L\u2019ENTREPRISE cessera de traiter les donn\u00e9es, sauf pour des raisons l\u00e9gitimes imp\u00e9ratives, ou l\u2019exercice ou la d\u00e9fense de r\u00e9clamations \u00e9ventuelles.<\/p>\r\n<p>Vous pouvez exercer mat\u00e9riellement vos droits de la mani\u00e8re suivante: Vous disposez d'un droit d'acc\u00e8s, de rectification et de suppression des donn\u00e9es, ainsi que d'autres droits, indiqu\u00e9s dans les informations suppl\u00e9mentaires, que vous pouvez exercer en contactant l'adresse de la personne responsable du traitement.<\/p>\r\n<p>Si vous avez donn\u00e9 votre consentement \u00e0 une fin sp\u00e9cifique, vous avez le droit de retirer le consentement donn\u00e9 \u00e0 tout moment, sans affecter la l\u00e9galit\u00e9 du traitement fond\u00e9 sur le consentement avant son retrait.<\/p>\r\n<p>Si vous estimez que vos droits en mati\u00e8re de protection de vos donn\u00e9es sont viol\u00e9s, en particulier si vous n\u2019avez pas obtenu satisfaction dans l\u2019exercice de vos droits, vous pouvez adresser une demande \u00e0 l\u2019autorit\u00e9 de contr\u00f4le en mati\u00e8re de protection des donn\u00e9es: www.agpd.es<\/p>\r\n<h3>Quelles donn\u00e9es sont stock\u00e9es dans nos syst\u00e8mes?<\/h3>\r\n<p>Les cat\u00e9gories de donn\u00e9es trait\u00e9es sont les suivantes:<\/p>\r\n<ul>\r\n<li>Donn\u00e9es d'identification<\/li>\r\n<li>Adresses postale et \u00e9lectronique.<\/li>\r\n<li>Informations commerciales<\/li>\r\n<\/ul>\r\n<p>Les cat\u00e9gories particuli\u00e8res de donn\u00e9es \u00e0 caract\u00e8re personnel ne sont pas trait\u00e9es (ce sont les donn\u00e9es qui r\u00e9v\u00e8lent l\u2019origine ethnique ou raciale, les opinions politiques, les convictions religieuses ou philosophiques, l\u2019appartenance \u00e0 un syndicat, les donn\u00e9es g\u00e9n\u00e9tiques, les donn\u00e9es biom\u00e9triques, donn\u00e9es relatives \u00e0 la sant\u00e9 ou donn\u00e9es relatives \u00e0 la vie sexuelle ou \u00e0 l'orientation sexuelle d'une personne physique).<\/p>\n","protected":false},"excerpt":{"rendered":"","protected":false},"author":3,"featured_media":0,"parent":0,"menu_order":0,"comment_status":"closed","ping_status":"closed","template":"","meta":{"footnotes":""},"class_list":["post-784","page","type-page","status-publish","hentry"],"yoast_head":"<!-- This site is optimized with the Yoast SEO plugin v27.3 - https:\/\/yoast.com\/product\/yoast-seo-wordpress\/ -->\n<title>Politique de confidentialit\u00e9 - Hostal Pedraforca<\/title>\n<meta name=\"robots\" content=\"noindex, nofollow\" \/>\n<meta property=\"og:locale\" content=\"fr_FR\" \/>\n<meta property=\"og:type\" content=\"article\" \/>\n<meta property=\"og:title\" content=\"Politique de confidentialit\u00e9 - Hostal Pedraforca\" \/>\n<meta property=\"og:url\" content=\"https:\/\/pedraforca.com\/fr\/politique-de-confidentialite\/\" \/>\n<meta property=\"og:site_name\" content=\"Hostal Pedraforca\" \/>\n<meta name=\"twitter:card\" content=\"summary_large_image\" \/>\n<script type=\"application\/ld+json\" class=\"yoast-schema-graph\">{\"@context\":\"https:\\\/\\\/schema.org\",\"@graph\":[{\"@type\":\"WebPage\",\"@id\":\"https:\\\/\\\/pedraforca.com\\\/fr\\\/politique-de-confidentialite\\\/\",\"url\":\"https:\\\/\\\/pedraforca.com\\\/fr\\\/politique-de-confidentialite\\\/\",\"name\":\"Politique de confidentialit\u00e9 - Hostal Pedraforca\",\"isPartOf\":{\"@id\":\"https:\\\/\\\/pedraforca.com\\\/fr\\\/#website\"},\"datePublished\":\"2025-05-06T09:08:21+00:00\",\"breadcrumb\":{\"@id\":\"https:\\\/\\\/pedraforca.com\\\/fr\\\/politique-de-confidentialite\\\/#breadcrumb\"},\"inLanguage\":\"fr-FR\",\"potentialAction\":[{\"@type\":\"ReadAction\",\"target\":[\"https:\\\/\\\/pedraforca.com\\\/fr\\\/politique-de-confidentialite\\\/\"]}]},{\"@type\":\"BreadcrumbList\",\"@id\":\"https:\\\/\\\/pedraforca.com\\\/fr\\\/politique-de-confidentialite\\\/#breadcrumb\",\"itemListElement\":[{\"@type\":\"ListItem\",\"position\":1,\"name\":\"Inici\",\"item\":\"https:\\\/\\\/pedraforca.com\\\/fr\\\/\"},{\"@type\":\"ListItem\",\"position\":2,\"name\":\"Politique de confidentialit\u00e9\"}]},{\"@type\":\"WebSite\",\"@id\":\"https:\\\/\\\/pedraforca.com\\\/fr\\\/#website\",\"url\":\"https:\\\/\\\/pedraforca.com\\\/fr\\\/\",\"name\":\"Hostal Pedraforca\",\"description\":\"Descansa al peu del Pedraforca, dins un entorn natural incomparable\",\"potentialAction\":[{\"@type\":\"SearchAction\",\"target\":{\"@type\":\"EntryPoint\",\"urlTemplate\":\"https:\\\/\\\/pedraforca.com\\\/fr\\\/?s={search_term_string}\"},\"query-input\":{\"@type\":\"PropertyValueSpecification\",\"valueRequired\":true,\"valueName\":\"search_term_string\"}}],\"inLanguage\":\"fr-FR\"}]}<\/script>\n<!-- \/ Yoast SEO plugin. -->","yoast_head_json":{"title":"Politique de confidentialit\u00e9 - Hostal Pedraforca","robots":{"index":"noindex","follow":"nofollow"},"og_locale":"fr_FR","og_type":"article","og_title":"Politique de confidentialit\u00e9 - Hostal Pedraforca","og_url":"https:\/\/pedraforca.com\/fr\/politique-de-confidentialite\/","og_site_name":"Hostal Pedraforca","twitter_card":"summary_large_image","schema":{"@context":"https:\/\/schema.org","@graph":[{"@type":"WebPage","@id":"https:\/\/pedraforca.com\/fr\/politique-de-confidentialite\/","url":"https:\/\/pedraforca.com\/fr\/politique-de-confidentialite\/","name":"Politique de confidentialit\u00e9 - Hostal Pedraforca","isPartOf":{"@id":"https:\/\/pedraforca.com\/fr\/#website"},"datePublished":"2025-05-06T09:08:21+00:00","breadcrumb":{"@id":"https:\/\/pedraforca.com\/fr\/politique-de-confidentialite\/#breadcrumb"},"inLanguage":"fr-FR","potentialAction":[{"@type":"ReadAction","target":["https:\/\/pedraforca.com\/fr\/politique-de-confidentialite\/"]}]},{"@type":"BreadcrumbList","@id":"https:\/\/pedraforca.com\/fr\/politique-de-confidentialite\/#breadcrumb","itemListElement":[{"@type":"ListItem","position":1,"name":"Inici","item":"https:\/\/pedraforca.com\/fr\/"},{"@type":"ListItem","position":2,"name":"Politique de confidentialit\u00e9"}]},{"@type":"WebSite","@id":"https:\/\/pedraforca.com\/fr\/#website","url":"https:\/\/pedraforca.com\/fr\/","name":"Hostal Pedraforca","description":"Descansa al peu del Pedraforca, dins un entorn natural incomparable","potentialAction":[{"@type":"SearchAction","target":{"@type":"EntryPoint","urlTemplate":"https:\/\/pedraforca.com\/fr\/?s={search_term_string}"},"query-input":{"@type":"PropertyValueSpecification","valueRequired":true,"valueName":"search_term_string"}}],"inLanguage":"fr-FR"}]}},"_links":{"self":[{"href":"https:\/\/pedraforca.com\/fr\/wp-json\/wp\/v2\/pages\/784","targetHints":{"allow":["GET"]}}],"collection":[{"href":"https:\/\/pedraforca.com\/fr\/wp-json\/wp\/v2\/pages"}],"about":[{"href":"https:\/\/pedraforca.com\/fr\/wp-json\/wp\/v2\/types\/page"}],"author":[{"embeddable":true,"href":"https:\/\/pedraforca.com\/fr\/wp-json\/wp\/v2\/users\/3"}],"replies":[{"embeddable":true,"href":"https:\/\/pedraforca.com\/fr\/wp-json\/wp\/v2\/comments?post=784"}],"version-history":[{"count":0,"href":"https:\/\/pedraforca.com\/fr\/wp-json\/wp\/v2\/pages\/784\/revisions"}],"wp:attachment":[{"href":"https:\/\/pedraforca.com\/fr\/wp-json\/wp\/v2\/media?parent=784"}],"curies":[{"name":"wp","href":"https:\/\/api.w.org\/{rel}","templated":true}]}}