{"id":775,"date":"2025-05-06T11:07:55","date_gmt":"2025-05-06T09:07:55","guid":{"rendered":"https:\/\/pedraforca.com\/coffrets-cadeaux\/"},"modified":"2025-05-06T12:25:05","modified_gmt":"2025-05-06T10:25:05","slug":"coffrets-cadeaux","status":"publish","type":"page","link":"https:\/\/pedraforca.com\/fr\/coffrets-cadeaux\/","title":{"rendered":"Coffrets cadeaux"},"content":{"rendered":"[av_section min_height=\"percent\" min_height_pc=\"45\" min_height_px=\"500px\" shadow=\"no-border-styling\" bottom_border=\"no-border-styling\" bottom_border_diagonal_color=\"#333333\" bottom_border_diagonal_direction=\"\" bottom_border_style=\"\" padding=\"no-padding\" margin=\"aviaTBmargin\" custom_margin=\"36px,0px\" av-desktop-custom_margin=\"\" av-desktop-custom_margin_sync=\"true\" av-medium-custom_margin=\"\" av-medium-custom_margin_sync=\"true\" av-small-custom_margin=\"\" av-small-custom_margin_sync=\"true\" av-mini-custom_margin=\"\" av-mini-custom_margin_sync=\"true\" svg_div_top=\"\" svg_div_top_color=\"#333333\" svg_div_top_width=\"100\" svg_div_top_height=\"50\" svg_div_top_max_height=\"none\" svg_div_top_opacity=\"\" svg_div_bottom=\"\" svg_div_bottom_color=\"#333333\" svg_div_bottom_width=\"100\" svg_div_bottom_height=\"50\" svg_div_bottom_max_height=\"none\" svg_div_bottom_opacity=\"\" fold_type=\"\" fold_height=\"\" fold_more=\"Llegir m\u00e9s\" fold_less=\"Read less\" fold_text_style=\"\" fold_btn_align=\"\" color=\"main_color\" background=\"bg_color\" custom_bg=\"\" background_gradient_direction=\"vertical\" background_gradient_color1=\"#000000\" background_gradient_color2=\"#ffffff\" background_gradient_color3=\"\" src=\"https:\/\/pedraforca.ergatesweb10.ovh\/wp-content\/uploads\/2025\/04\/hostal-pedraforca-40-e1743752220443.jpg\" attachment=\"513\" attachment_size=\"full\" src_dynamic=\"\" attach=\"scroll\" position=\"center center\" repeat=\"stretch\" video=\"\" video_ratio=\"16:9\" overlay_enable=\"aviaTBoverlay_enable\" overlay_opacity=\"0.3\" overlay_color=\"#0a0a0a\" overlay_pattern=\"\" overlay_custom_pattern=\"\" custom_arrow_bg=\"\" fold_overlay_color=\"\" fold_text_color=\"\" fold_btn_color=\"theme-color\" fold_btn_bg_color=\"\" fold_btn_font_color=\"\" size-btn-text=\"\" av-desktop-font-size-btn-text=\"\" av-medium-font-size-btn-text=\"\" av-small-font-size-btn-text=\"\" av-mini-font-size-btn-text=\"\" fold_timer=\"\" z_index_fold=\"\" css_position_z_index=\"\" av-desktop-css_position_z_index=\"\" av-medium-css_position_z_index=\"\" av-small-css_position_z_index=\"\" av-mini-css_position_z_index=\"\" id=\"\" custom_class=\"\" template_class=\"\" aria_label=\"\" av_element_hidden_in_editor=\"0\" av_uid=\"av-6yfk0\" sc_version=\"1.0\"]\n[av_textblock fold_type=\"\" fold_height=\"\" fold_more=\"Llegir m\u00e9s\" fold_less=\"Read less\" fold_text_style=\"\" fold_btn_align=\"\" textblock_styling_align=\"\" textblock_styling=\"\" textblock_styling_gap=\"\" textblock_styling_mobile=\"\" size=\"40\" av-desktop-font-size=\"\" av-medium-font-size=\"\" av-small-font-size=\"\" av-mini-font-size=\"\" font_color=\"\" color=\"\" fold_overlay_color=\"\" fold_text_color=\"\" fold_btn_color=\"theme-color\" fold_btn_bg_color=\"\" fold_btn_font_color=\"\" size-btn-text=\"\" av-desktop-font-size-btn-text=\"\" av-medium-font-size-btn-text=\"\" av-small-font-size-btn-text=\"\" av-mini-font-size-btn-text=\"\" fold_timer=\"\" z_index_fold=\"\" id=\"\" custom_class=\"\" template_class=\"\" av_uid=\"av-m92gtlkl\" sc_version=\"1.0\" admin_preview_bg=\"\"]\n<p style=\"text-align: center;\">[page_title]<\/p>\n[\/av_textblock]\n[\/av_section]\n<div  class='flex_column av-n1xlm-edf9d8449445f884ef7f24b0263cd0d8 av_one_half  avia-builder-el-1  el_after_av_postcontent  el_before_av_one_half  avia-builder-el-first  first flex_column_div av-animated-generic bottom-to-top  '     ><p>\n<style type=\"text\/css\" data-created_by=\"avia_inline_auto\" id=\"style-css-av-m917uuyv-1b19a77a1bed7884b2ae2a68998df2f4\">\n#top .av-special-heading.av-m917uuyv-1b19a77a1bed7884b2ae2a68998df2f4{\npadding-bottom:10px;\n}\nbody .av-special-heading.av-m917uuyv-1b19a77a1bed7884b2ae2a68998df2f4 .av-special-heading-tag .heading-char{\nfont-size:25px;\n}\n.av-special-heading.av-m917uuyv-1b19a77a1bed7884b2ae2a68998df2f4 .av-subheading{\nfont-size:15px;\n}\n<\/style>\n<div  class='av-special-heading av-m917uuyv-1b19a77a1bed7884b2ae2a68998df2f4 av-special-heading-h1 blockquote modern-quote  avia-builder-el-2  el_before_av_textblock  avia-builder-el-first '><h1 class='av-special-heading-tag '  itemprop=\"headline\"  >Coffrets cadeaux personnalis\u00e9s<\/h1><div class=\"special-heading-border\"><div class=\"special-heading-inner-border\"><\/div><\/div><\/div><br \/>\n<section  class='av_textblock_section av-deo22-44223a7dea2bd4b077ae77b3acd91ef9 '   itemscope=\"itemscope\" itemtype=\"https:\/\/schema.org\/CreativeWork\" ><div class='avia_textblock'  itemprop=\"text\" ><p>Surprenez quelqu&rsquo;un de sp\u00e9cial avec une <strong>exp\u00e9rience unique au c\u0153ur de Pedraforca<\/strong> .<\/p>\n<p>Nos <strong>coffrets cadeaux sont enti\u00e8rement personnalisables<\/strong> et sont envoy\u00e9s \u00e0 l&rsquo;adresse que vous nous fournissez. C&rsquo;est le moyen id\u00e9al d&rsquo;offrir le cadeau d&rsquo;une escapade inoubliable, qui commence d\u00e8s l&rsquo;ouverture de la bo\u00eete.<\/p>\n<p>\u00c0 l&rsquo;int\u00e9rieur, vous trouverez :<\/p>\n<ul>\n<li>Un <strong>message de bienvenue personnalis\u00e9<\/strong><\/li>\n<li>Informations sur l&rsquo;auberge, les environs et les activit\u00e9s qui peuvent \u00eatre faites dans la r\u00e9gion<\/li>\n<\/ul>\n<p>Nous pouvons adapter chaque box aux souhaits du destinataire et l&rsquo;exp\u00e9dier <strong>imm\u00e9diatement ou \u00e0 la date que vous pr\u00e9f\u00e9rez<\/strong> .<\/p>\n<blockquote>\n<p>Il offre nature, calme et vues spectaculaires&#8230; <strong>Offrez Pedraforca en cadeau.<\/strong><\/p>\n<\/blockquote>\n<\/div><\/section><br \/>\n<div  class='av_promobox av-m96xvdr8-0838635247021686ef004d7802e1fdc7 avia-button-no  avia-builder-el-4  el_after_av_textblock  avia-builder-el-last '><div class='avia-promocontent'><\/p>\n<blockquote>\n<p style=\"text-align: center;\">Commandes exclusivement par t\u00e9l\u00e9phone :<\/p>\n<p style=\"text-align: center;\"><a style=\"font-size: 1.235em;\" href=\"tel:938258021\">938 258 021<\/a> | <a style=\"font-size: 1.235em;\" href=\"tel:938241000\">938 241 000<\/a><\/p>\n<\/blockquote>\n<p>\n<\/div><\/div><\/p><\/div><div  class='flex_column av-lya4q-71070792acaa4f45472c16c77887ecbb av_one_half  avia-builder-el-5  el_after_av_one_half  avia-builder-el-last  flex_column_div av-animated-generic bottom-to-top  '     ><style type=\"text\/css\" data-created_by=\"avia_inline_auto\" id=\"style-css-av-m917yocu-4a579e2edf46b4de2e6dd1877bdc3b0f\">\n.avia-image-container.av-m917yocu-4a579e2edf46b4de2e6dd1877bdc3b0f img.avia_image{\nbox-shadow:none;\n}\n.avia-image-container.av-m917yocu-4a579e2edf46b4de2e6dd1877bdc3b0f .av-image-caption-overlay-center{\ncolor:#ffffff;\n}\n<\/style>\n<div  class='avia-image-container av-m917yocu-4a579e2edf46b4de2e6dd1877bdc3b0f av-styling- av-img-linked avia-align-center  avia-builder-el-6  avia-builder-el-no-sibling '   itemprop=\"image\" itemscope=\"itemscope\" itemtype=\"https:\/\/schema.org\/ImageObject\" ><div class=\"avia-image-container-inner\"><div class=\"avia-image-overlay-wrap\"><a href=\"https:\/\/pedraforca.com\/wp-content\/uploads\/2025\/04\/hostal-pedraforca-39-1030x773.jpg\" data-srcset=\"https:\/\/pedraforca.com\/wp-content\/uploads\/2025\/04\/hostal-pedraforca-39-1030x773.jpg 1030w, https:\/\/pedraforca.com\/wp-content\/uploads\/2025\/04\/hostal-pedraforca-39-300x225.jpg 300w, https:\/\/pedraforca.com\/wp-content\/uploads\/2025\/04\/hostal-pedraforca-39-768x576.jpg 768w, https:\/\/pedraforca.com\/wp-content\/uploads\/2025\/04\/hostal-pedraforca-39-1536x1152.jpg 1536w, https:\/\/pedraforca.com\/wp-content\/uploads\/2025\/04\/hostal-pedraforca-39-1500x1125.jpg 1500w, https:\/\/pedraforca.com\/wp-content\/uploads\/2025\/04\/hostal-pedraforca-39-705x529.jpg 705w, https:\/\/pedraforca.com\/wp-content\/uploads\/2025\/04\/hostal-pedraforca-39.jpg 2048w\" data-sizes=\"(max-width: 1030px) 100vw, 1030px\" class='avia_image '  aria-label='hostal-pedraforca-39'><img decoding=\"async\" fetchpriority=\"high\" class='wp-image-512 avia-img-lazy-loading-not-512 avia_image ' src=\"https:\/\/pedraforca.com\/wp-content\/uploads\/2025\/04\/hostal-pedraforca-39-700x700.jpg\" alt='' title='hostal-pedraforca-39'  height=\"700\" width=\"700\"  itemprop=\"thumbnailUrl\" srcset=\"https:\/\/pedraforca.com\/wp-content\/uploads\/2025\/04\/hostal-pedraforca-39-700x700.jpg 700w, https:\/\/pedraforca.com\/wp-content\/uploads\/2025\/04\/hostal-pedraforca-39-80x80.jpg 80w, https:\/\/pedraforca.com\/wp-content\/uploads\/2025\/04\/hostal-pedraforca-39-36x36.jpg 36w\" sizes=\"(max-width: 700px) 100vw, 700px\" \/><\/a><\/div><\/div><\/div><\/div><\/p>\n","protected":false},"excerpt":{"rendered":"","protected":false},"author":3,"featured_media":0,"parent":0,"menu_order":0,"comment_status":"closed","ping_status":"closed","template":"","meta":{"footnotes":""},"class_list":["post-775","page","type-page","status-publish","hentry"],"yoast_head":"<!-- This site is optimized with the Yoast SEO plugin v27.1.1 - https:\/\/yoast.com\/product\/yoast-seo-wordpress\/ -->\n<title>Coffrets cadeaux - Hostal Pedraforca<\/title>\n<meta name=\"robots\" content=\"index, follow, max-snippet:-1, max-image-preview:large, max-video-preview:-1\" \/>\n<link rel=\"canonical\" href=\"https:\/\/pedraforca.com\/fr\/coffrets-cadeaux\/\" \/>\n<meta property=\"og:locale\" content=\"fr_FR\" \/>\n<meta property=\"og:type\" content=\"article\" \/>\n<meta property=\"og:title\" content=\"Coffrets cadeaux - Hostal Pedraforca\" \/>\n<meta property=\"og:url\" content=\"https:\/\/pedraforca.com\/fr\/coffrets-cadeaux\/\" \/>\n<meta property=\"og:site_name\" content=\"Hostal Pedraforca\" \/>\n<meta property=\"article:modified_time\" content=\"2025-05-06T10:25:05+00:00\" \/>\n<meta name=\"twitter:card\" content=\"summary_large_image\" \/>\n<meta name=\"twitter:label1\" content=\"Dur\u00e9e de lecture estim\u00e9e\" \/>\n\t<meta name=\"twitter:data1\" content=\"2 minutes\" \/>\n<script type=\"application\/ld+json\" class=\"yoast-schema-graph\">{\"@context\":\"https:\/\/schema.org\",\"@graph\":[{\"@type\":\"WebPage\",\"@id\":\"https:\/\/pedraforca.com\/fr\/coffrets-cadeaux\/\",\"url\":\"https:\/\/pedraforca.com\/fr\/coffrets-cadeaux\/\",\"name\":\"Coffrets cadeaux - Hostal Pedraforca\",\"isPartOf\":{\"@id\":\"https:\/\/pedraforca.com\/fr\/#website\"},\"datePublished\":\"2025-05-06T09:07:55+00:00\",\"dateModified\":\"2025-05-06T10:25:05+00:00\",\"breadcrumb\":{\"@id\":\"https:\/\/pedraforca.com\/fr\/coffrets-cadeaux\/#breadcrumb\"},\"inLanguage\":\"fr-FR\",\"potentialAction\":[{\"@type\":\"ReadAction\",\"target\":[\"https:\/\/pedraforca.com\/fr\/coffrets-cadeaux\/\"]}]},{\"@type\":\"BreadcrumbList\",\"@id\":\"https:\/\/pedraforca.com\/fr\/coffrets-cadeaux\/#breadcrumb\",\"itemListElement\":[{\"@type\":\"ListItem\",\"position\":1,\"name\":\"Inici\",\"item\":\"https:\/\/pedraforca.com\/fr\/\"},{\"@type\":\"ListItem\",\"position\":2,\"name\":\"Coffrets cadeaux\"}]},{\"@type\":\"WebSite\",\"@id\":\"https:\/\/pedraforca.com\/fr\/#website\",\"url\":\"https:\/\/pedraforca.com\/fr\/\",\"name\":\"Hostal Pedraforca\",\"description\":\"Descansa al peu del Pedraforca, dins un entorn natural incomparable\",\"potentialAction\":[{\"@type\":\"SearchAction\",\"target\":{\"@type\":\"EntryPoint\",\"urlTemplate\":\"https:\/\/pedraforca.com\/fr\/?s={search_term_string}\"},\"query-input\":{\"@type\":\"PropertyValueSpecification\",\"valueRequired\":true,\"valueName\":\"search_term_string\"}}],\"inLanguage\":\"fr-FR\"}]}<\/script>\n<!-- \/ Yoast SEO plugin. -->","yoast_head_json":{"title":"Coffrets cadeaux - Hostal Pedraforca","robots":{"index":"index","follow":"follow","max-snippet":"max-snippet:-1","max-image-preview":"max-image-preview:large","max-video-preview":"max-video-preview:-1"},"canonical":"https:\/\/pedraforca.com\/fr\/coffrets-cadeaux\/","og_locale":"fr_FR","og_type":"article","og_title":"Coffrets cadeaux - Hostal Pedraforca","og_url":"https:\/\/pedraforca.com\/fr\/coffrets-cadeaux\/","og_site_name":"Hostal Pedraforca","article_modified_time":"2025-05-06T10:25:05+00:00","twitter_card":"summary_large_image","twitter_misc":{"Dur\u00e9e de lecture estim\u00e9e":"2 minutes"},"schema":{"@context":"https:\/\/schema.org","@graph":[{"@type":"WebPage","@id":"https:\/\/pedraforca.com\/fr\/coffrets-cadeaux\/","url":"https:\/\/pedraforca.com\/fr\/coffrets-cadeaux\/","name":"Coffrets cadeaux - Hostal Pedraforca","isPartOf":{"@id":"https:\/\/pedraforca.com\/fr\/#website"},"datePublished":"2025-05-06T09:07:55+00:00","dateModified":"2025-05-06T10:25:05+00:00","breadcrumb":{"@id":"https:\/\/pedraforca.com\/fr\/coffrets-cadeaux\/#breadcrumb"},"inLanguage":"fr-FR","potentialAction":[{"@type":"ReadAction","target":["https:\/\/pedraforca.com\/fr\/coffrets-cadeaux\/"]}]},{"@type":"BreadcrumbList","@id":"https:\/\/pedraforca.com\/fr\/coffrets-cadeaux\/#breadcrumb","itemListElement":[{"@type":"ListItem","position":1,"name":"Inici","item":"https:\/\/pedraforca.com\/fr\/"},{"@type":"ListItem","position":2,"name":"Coffrets cadeaux"}]},{"@type":"WebSite","@id":"https:\/\/pedraforca.com\/fr\/#website","url":"https:\/\/pedraforca.com\/fr\/","name":"Hostal Pedraforca","description":"Descansa al peu del Pedraforca, dins un entorn natural incomparable","potentialAction":[{"@type":"SearchAction","target":{"@type":"EntryPoint","urlTemplate":"https:\/\/pedraforca.com\/fr\/?s={search_term_string}"},"query-input":{"@type":"PropertyValueSpecification","valueRequired":true,"valueName":"search_term_string"}}],"inLanguage":"fr-FR"}]}},"_links":{"self":[{"href":"https:\/\/pedraforca.com\/fr\/wp-json\/wp\/v2\/pages\/775","targetHints":{"allow":["GET"]}}],"collection":[{"href":"https:\/\/pedraforca.com\/fr\/wp-json\/wp\/v2\/pages"}],"about":[{"href":"https:\/\/pedraforca.com\/fr\/wp-json\/wp\/v2\/types\/page"}],"author":[{"embeddable":true,"href":"https:\/\/pedraforca.com\/fr\/wp-json\/wp\/v2\/users\/3"}],"replies":[{"embeddable":true,"href":"https:\/\/pedraforca.com\/fr\/wp-json\/wp\/v2\/comments?post=775"}],"version-history":[{"count":2,"href":"https:\/\/pedraforca.com\/fr\/wp-json\/wp\/v2\/pages\/775\/revisions"}],"predecessor-version":[{"id":984,"href":"https:\/\/pedraforca.com\/fr\/wp-json\/wp\/v2\/pages\/775\/revisions\/984"}],"wp:attachment":[{"href":"https:\/\/pedraforca.com\/fr\/wp-json\/wp\/v2\/media?parent=775"}],"curies":[{"name":"wp","href":"https:\/\/api.w.org\/{rel}","templated":true}]}}