{"id":802,"date":"2025-05-06T11:08:25","date_gmt":"2025-05-06T09:08:25","guid":{"rendered":"https:\/\/pedraforca.com\/exteriores\/"},"modified":"2025-05-06T11:37:36","modified_gmt":"2025-05-06T09:37:36","slug":"exteriores","status":"publish","type":"page","link":"https:\/\/pedraforca.com\/es\/exteriores\/","title":{"rendered":"Exteriores"},"content":{"rendered":"[av_section min_height=\"percent\" min_height_pc=\"45\" min_height_px=\"500px\" shadow=\"no-border-styling\" bottom_border=\"no-border-styling\" bottom_border_diagonal_color=\"#333333\" bottom_border_diagonal_direction=\"\" bottom_border_style=\"\" padding=\"no-padding\" margin=\"aviaTBmargin\" custom_margin=\"36px,0px\" av-desktop-custom_margin=\"\" av-desktop-custom_margin_sync=\"true\" av-medium-custom_margin=\"\" av-medium-custom_margin_sync=\"true\" av-small-custom_margin=\"\" av-small-custom_margin_sync=\"true\" av-mini-custom_margin=\"\" av-mini-custom_margin_sync=\"true\" svg_div_top=\"\" svg_div_top_color=\"#333333\" svg_div_top_width=\"100\" svg_div_top_height=\"50\" svg_div_top_max_height=\"none\" svg_div_top_opacity=\"\" svg_div_bottom=\"\" svg_div_bottom_color=\"#333333\" svg_div_bottom_width=\"100\" svg_div_bottom_height=\"50\" svg_div_bottom_max_height=\"none\" svg_div_bottom_opacity=\"\" fold_type=\"\" fold_height=\"\" fold_more=\"Llegir m\u00e9s\" fold_less=\"Read less\" fold_text_style=\"\" fold_btn_align=\"\" color=\"main_color\" background=\"bg_color\" custom_bg=\"\" background_gradient_direction=\"vertical\" background_gradient_color1=\"#000000\" background_gradient_color2=\"#ffffff\" background_gradient_color3=\"\" src=\"https:\/\/pedraforca.ergatesweb10.ovh\/wp-content\/uploads\/2025\/04\/hostal-pedraforca-40-e1743752220443.jpg\" attachment=\"513\" attachment_size=\"full\" src_dynamic=\"\" attach=\"scroll\" position=\"center center\" repeat=\"stretch\" video=\"\" video_ratio=\"16:9\" overlay_enable=\"aviaTBoverlay_enable\" overlay_opacity=\"0.3\" overlay_color=\"#0a0a0a\" overlay_pattern=\"\" overlay_custom_pattern=\"\" custom_arrow_bg=\"\" fold_overlay_color=\"\" fold_text_color=\"\" fold_btn_color=\"theme-color\" fold_btn_bg_color=\"\" fold_btn_font_color=\"\" size-btn-text=\"\" av-desktop-font-size-btn-text=\"\" av-medium-font-size-btn-text=\"\" av-small-font-size-btn-text=\"\" av-mini-font-size-btn-text=\"\" fold_timer=\"\" z_index_fold=\"\" css_position_z_index=\"\" av-desktop-css_position_z_index=\"\" av-medium-css_position_z_index=\"\" av-small-css_position_z_index=\"\" av-mini-css_position_z_index=\"\" id=\"\" custom_class=\"\" template_class=\"\" aria_label=\"\" av_element_hidden_in_editor=\"0\" av_uid=\"av-6yfk0\" sc_version=\"1.0\"]\n[av_textblock fold_type=\"\" fold_height=\"\" fold_more=\"Llegir m\u00e9s\" fold_less=\"Read less\" fold_text_style=\"\" fold_btn_align=\"\" textblock_styling_align=\"\" textblock_styling=\"\" textblock_styling_gap=\"\" textblock_styling_mobile=\"\" size=\"40\" av-desktop-font-size=\"\" av-medium-font-size=\"\" av-small-font-size=\"\" av-mini-font-size=\"\" font_color=\"\" color=\"\" fold_overlay_color=\"\" fold_text_color=\"\" fold_btn_color=\"theme-color\" fold_btn_bg_color=\"\" fold_btn_font_color=\"\" size-btn-text=\"\" av-desktop-font-size-btn-text=\"\" av-medium-font-size-btn-text=\"\" av-small-font-size-btn-text=\"\" av-mini-font-size-btn-text=\"\" fold_timer=\"\" z_index_fold=\"\" id=\"\" custom_class=\"\" template_class=\"\" av_uid=\"av-m92gtlkl\" sc_version=\"1.0\" admin_preview_bg=\"\"]\n<p style=\"text-align: center;\">[page_title]<\/p>\n[\/av_textblock]\n[\/av_section]\n<div  class='flex_column av-2oue6-3c0854875c76011e2dac7593159f10b6 av_one_half  avia-builder-el-1  el_after_av_postcontent  el_before_av_one_half  avia-builder-el-first  first flex_column_div av-animated-generic bottom-to-top  '     ><p>\n<style type=\"text\/css\" data-created_by=\"avia_inline_auto\" id=\"style-css-av-ma407ogt-a90550c11d1f10e46ec9098e581acbfd\">\n#top .av-special-heading.av-ma407ogt-a90550c11d1f10e46ec9098e581acbfd{\npadding-bottom:10px;\n}\nbody .av-special-heading.av-ma407ogt-a90550c11d1f10e46ec9098e581acbfd .av-special-heading-tag .heading-char{\nfont-size:25px;\n}\n.av-special-heading.av-ma407ogt-a90550c11d1f10e46ec9098e581acbfd .av-subheading{\nfont-size:15px;\n}\n<\/style>\n<div  class='av-special-heading av-ma407ogt-a90550c11d1f10e46ec9098e581acbfd av-special-heading-h1 blockquote modern-quote  avia-builder-el-2  el_before_av_textblock  avia-builder-el-first '><h1 class='av-special-heading-tag '  itemprop=\"headline\"  >Disfruta de los exteriores del Hostal Pedraforca<\/h1><div class=\"special-heading-border\"><div class=\"special-heading-inner-border\"><\/div><\/div><\/div><br \/>\n<section  class='av_textblock_section av-m917b0mf-0668a4dd183552d44268c169c60ae472 '   itemscope=\"itemscope\" itemtype=\"https:\/\/schema.org\/CreativeWork\" ><div class='avia_textblock'  itemprop=\"text\" ><blockquote>\n<p>Despierta con las mejores vistas al Pedraforca. Naturaleza, calma y aire puro desde el coraz\u00f3n del Prepirineo.<\/p>\n<\/blockquote>\n<p>Situado en un entorno natural privilegiado, el <strong>Hostal Pedraforca<\/strong> goza de unas vistas espectaculares al Pedraforca, una de las monta\u00f1as m\u00e1s emblem\u00e1ticas de Catalu\u00f1a. Su inconfundible silueta de doble cima domina el paisaje y ofrece una presencia imponente que puede contemplarse desde el mismo comedor o relaj\u00e1ndose en la terraza.<\/p>\n<p>El entorno que rodea el hostal es puramente natural y tranquilo, con un <strong>encantador robledal<\/strong> que invita a pasear y conectar con la naturaleza. Aqu\u00ed, el silencio, el aire puro y las vistas abiertas se convierten en parte de la experiencia.<\/p>\n<p>El <strong>Pedraforca<\/strong> , con sus 2.502 metros de altitud, es mucho m\u00e1s que una monta\u00f1a: es un s\u00edmbolo para el pa\u00eds y un paisaje que enamora a simple vista. Tanto si busca desconexi\u00f3n como si simplemente desea disfrutar de un entorno \u00fanico, el Hostal Pedraforca es el lugar ideal para vivir la magia del Prepirineo.<\/p>\n<\/div><\/section><\/p><\/div><div  class='flex_column av-koy6m-d8d365571810b51c306987a8e863c394 av_one_half  avia-builder-el-4  el_after_av_one_half  el_before_av_one_full  flex_column_div av-animated-generic bottom-to-top  '     ><style type=\"text\/css\" data-created_by=\"avia_inline_auto\" id=\"style-css-av-m9178o9e-f708efedeb05b55a471c2091b4a29631\">\n.avia-image-container.av-m9178o9e-f708efedeb05b55a471c2091b4a29631 img.avia_image{\nbox-shadow:none;\n}\n.avia-image-container.av-m9178o9e-f708efedeb05b55a471c2091b4a29631 .av-image-caption-overlay-center{\ncolor:#ffffff;\n}\n<\/style>\n<div  class='avia-image-container av-m9178o9e-f708efedeb05b55a471c2091b4a29631 av-styling- av-img-linked avia-align-center  avia-builder-el-5  avia-builder-el-no-sibling '   itemprop=\"image\" itemscope=\"itemscope\" itemtype=\"https:\/\/schema.org\/ImageObject\" ><div class=\"avia-image-container-inner\"><div class=\"avia-image-overlay-wrap\"><a href=\"https:\/\/pedraforca.com\/wp-content\/uploads\/2025\/04\/hostal-pedraforca-39-1030x773.jpg\" data-srcset=\"https:\/\/pedraforca.com\/wp-content\/uploads\/2025\/04\/hostal-pedraforca-39-1030x773.jpg 1030w, https:\/\/pedraforca.com\/wp-content\/uploads\/2025\/04\/hostal-pedraforca-39-300x225.jpg 300w, https:\/\/pedraforca.com\/wp-content\/uploads\/2025\/04\/hostal-pedraforca-39-768x576.jpg 768w, https:\/\/pedraforca.com\/wp-content\/uploads\/2025\/04\/hostal-pedraforca-39-1536x1152.jpg 1536w, https:\/\/pedraforca.com\/wp-content\/uploads\/2025\/04\/hostal-pedraforca-39-1500x1125.jpg 1500w, https:\/\/pedraforca.com\/wp-content\/uploads\/2025\/04\/hostal-pedraforca-39-705x529.jpg 705w, https:\/\/pedraforca.com\/wp-content\/uploads\/2025\/04\/hostal-pedraforca-39.jpg 2048w\" data-sizes=\"(max-width: 1030px) 100vw, 1030px\" class='avia_image '  aria-label='hostal-pedraforca-39'><img decoding=\"async\" fetchpriority=\"high\" class='wp-image-512 avia-img-lazy-loading-not-512 avia_image ' src=\"https:\/\/pedraforca.com\/wp-content\/uploads\/2025\/04\/hostal-pedraforca-39-700x700.jpg\" alt='' title='hostal-pedraforca-39'  height=\"700\" width=\"700\"  itemprop=\"thumbnailUrl\" srcset=\"https:\/\/pedraforca.com\/wp-content\/uploads\/2025\/04\/hostal-pedraforca-39-700x700.jpg 700w, https:\/\/pedraforca.com\/wp-content\/uploads\/2025\/04\/hostal-pedraforca-39-80x80.jpg 80w, https:\/\/pedraforca.com\/wp-content\/uploads\/2025\/04\/hostal-pedraforca-39-36x36.jpg 36w\" sizes=\"(max-width: 700px) 100vw, 700px\" \/><\/a><\/div><\/div><\/div><\/div><\/p>\n<div  class='flex_column av-d2zj2-582884534ef38df4aacab8303a82b749 av_one_full  avia-builder-el-6  el_after_av_one_half  avia-builder-el-last  first flex_column_div av-animated-generic bottom-to-top  column-top-margin'     ><\/div>\n","protected":false},"excerpt":{"rendered":"","protected":false},"author":3,"featured_media":0,"parent":0,"menu_order":0,"comment_status":"closed","ping_status":"closed","template":"","meta":{"footnotes":""},"class_list":["post-802","page","type-page","status-publish","hentry"],"yoast_head":"<!-- This site is optimized with the Yoast SEO plugin v27.3 - https:\/\/yoast.com\/product\/yoast-seo-wordpress\/ -->\n<title>Exteriores - Hostal Pedraforca<\/title>\n<meta name=\"robots\" content=\"index, follow, max-snippet:-1, max-image-preview:large, max-video-preview:-1\" \/>\n<link rel=\"canonical\" href=\"https:\/\/pedraforca.com\/es\/exteriores\/\" \/>\n<meta property=\"og:locale\" content=\"es_ES\" \/>\n<meta property=\"og:type\" content=\"article\" \/>\n<meta property=\"og:title\" content=\"Exteriores - Hostal Pedraforca\" \/>\n<meta property=\"og:url\" content=\"https:\/\/pedraforca.com\/es\/exteriores\/\" \/>\n<meta property=\"og:site_name\" content=\"Hostal Pedraforca\" \/>\n<meta property=\"article:modified_time\" content=\"2025-05-06T09:37:36+00:00\" \/>\n<meta name=\"twitter:card\" content=\"summary_large_image\" \/>\n<meta name=\"twitter:label1\" content=\"Tiempo de lectura\" \/>\n\t<meta name=\"twitter:data1\" content=\"2 minutos\" \/>\n<script type=\"application\/ld+json\" class=\"yoast-schema-graph\">{\"@context\":\"https:\\\/\\\/schema.org\",\"@graph\":[{\"@type\":\"WebPage\",\"@id\":\"https:\\\/\\\/pedraforca.com\\\/es\\\/exteriores\\\/\",\"url\":\"https:\\\/\\\/pedraforca.com\\\/es\\\/exteriores\\\/\",\"name\":\"Exteriores - Hostal Pedraforca\",\"isPartOf\":{\"@id\":\"https:\\\/\\\/pedraforca.com\\\/es\\\/#website\"},\"datePublished\":\"2025-05-06T09:08:25+00:00\",\"dateModified\":\"2025-05-06T09:37:36+00:00\",\"breadcrumb\":{\"@id\":\"https:\\\/\\\/pedraforca.com\\\/es\\\/exteriores\\\/#breadcrumb\"},\"inLanguage\":\"es\",\"potentialAction\":[{\"@type\":\"ReadAction\",\"target\":[\"https:\\\/\\\/pedraforca.com\\\/es\\\/exteriores\\\/\"]}]},{\"@type\":\"BreadcrumbList\",\"@id\":\"https:\\\/\\\/pedraforca.com\\\/es\\\/exteriores\\\/#breadcrumb\",\"itemListElement\":[{\"@type\":\"ListItem\",\"position\":1,\"name\":\"Inici\",\"item\":\"https:\\\/\\\/pedraforca.com\\\/es\\\/\"},{\"@type\":\"ListItem\",\"position\":2,\"name\":\"Exteriores\"}]},{\"@type\":\"WebSite\",\"@id\":\"https:\\\/\\\/pedraforca.com\\\/es\\\/#website\",\"url\":\"https:\\\/\\\/pedraforca.com\\\/es\\\/\",\"name\":\"Hostal Pedraforca\",\"description\":\"Descansa al peu del Pedraforca, dins un entorn natural incomparable\",\"potentialAction\":[{\"@type\":\"SearchAction\",\"target\":{\"@type\":\"EntryPoint\",\"urlTemplate\":\"https:\\\/\\\/pedraforca.com\\\/es\\\/?s={search_term_string}\"},\"query-input\":{\"@type\":\"PropertyValueSpecification\",\"valueRequired\":true,\"valueName\":\"search_term_string\"}}],\"inLanguage\":\"es\"}]}<\/script>\n<!-- \/ Yoast SEO plugin. -->","yoast_head_json":{"title":"Exteriores - Hostal Pedraforca","robots":{"index":"index","follow":"follow","max-snippet":"max-snippet:-1","max-image-preview":"max-image-preview:large","max-video-preview":"max-video-preview:-1"},"canonical":"https:\/\/pedraforca.com\/es\/exteriores\/","og_locale":"es_ES","og_type":"article","og_title":"Exteriores - Hostal Pedraforca","og_url":"https:\/\/pedraforca.com\/es\/exteriores\/","og_site_name":"Hostal Pedraforca","article_modified_time":"2025-05-06T09:37:36+00:00","twitter_card":"summary_large_image","twitter_misc":{"Tiempo de lectura":"2 minutos"},"schema":{"@context":"https:\/\/schema.org","@graph":[{"@type":"WebPage","@id":"https:\/\/pedraforca.com\/es\/exteriores\/","url":"https:\/\/pedraforca.com\/es\/exteriores\/","name":"Exteriores - Hostal Pedraforca","isPartOf":{"@id":"https:\/\/pedraforca.com\/es\/#website"},"datePublished":"2025-05-06T09:08:25+00:00","dateModified":"2025-05-06T09:37:36+00:00","breadcrumb":{"@id":"https:\/\/pedraforca.com\/es\/exteriores\/#breadcrumb"},"inLanguage":"es","potentialAction":[{"@type":"ReadAction","target":["https:\/\/pedraforca.com\/es\/exteriores\/"]}]},{"@type":"BreadcrumbList","@id":"https:\/\/pedraforca.com\/es\/exteriores\/#breadcrumb","itemListElement":[{"@type":"ListItem","position":1,"name":"Inici","item":"https:\/\/pedraforca.com\/es\/"},{"@type":"ListItem","position":2,"name":"Exteriores"}]},{"@type":"WebSite","@id":"https:\/\/pedraforca.com\/es\/#website","url":"https:\/\/pedraforca.com\/es\/","name":"Hostal Pedraforca","description":"Descansa al peu del Pedraforca, dins un entorn natural incomparable","potentialAction":[{"@type":"SearchAction","target":{"@type":"EntryPoint","urlTemplate":"https:\/\/pedraforca.com\/es\/?s={search_term_string}"},"query-input":{"@type":"PropertyValueSpecification","valueRequired":true,"valueName":"search_term_string"}}],"inLanguage":"es"}]}},"_links":{"self":[{"href":"https:\/\/pedraforca.com\/es\/wp-json\/wp\/v2\/pages\/802","targetHints":{"allow":["GET"]}}],"collection":[{"href":"https:\/\/pedraforca.com\/es\/wp-json\/wp\/v2\/pages"}],"about":[{"href":"https:\/\/pedraforca.com\/es\/wp-json\/wp\/v2\/types\/page"}],"author":[{"embeddable":true,"href":"https:\/\/pedraforca.com\/es\/wp-json\/wp\/v2\/users\/3"}],"replies":[{"embeddable":true,"href":"https:\/\/pedraforca.com\/es\/wp-json\/wp\/v2\/comments?post=802"}],"version-history":[{"count":1,"href":"https:\/\/pedraforca.com\/es\/wp-json\/wp\/v2\/pages\/802\/revisions"}],"predecessor-version":[{"id":952,"href":"https:\/\/pedraforca.com\/es\/wp-json\/wp\/v2\/pages\/802\/revisions\/952"}],"wp:attachment":[{"href":"https:\/\/pedraforca.com\/es\/wp-json\/wp\/v2\/media?parent=802"}],"curies":[{"name":"wp","href":"https:\/\/api.w.org\/{rel}","templated":true}]}}