{"id":778,"date":"2025-05-06T11:08:04","date_gmt":"2025-05-06T09:08:04","guid":{"rendered":"https:\/\/pedraforca.com\/historia\/"},"modified":"2025-05-06T11:34:57","modified_gmt":"2025-05-06T09:34:57","slug":"historia","status":"publish","type":"page","link":"https:\/\/pedraforca.com\/es\/historia\/","title":{"rendered":"Historia"},"content":{"rendered":"[av_section min_height=\"percent\" min_height_pc=\"45\" min_height_px=\"500px\" shadow=\"no-border-styling\" bottom_border=\"no-border-styling\" bottom_border_diagonal_color=\"#333333\" bottom_border_diagonal_direction=\"\" bottom_border_style=\"\" padding=\"no-padding\" margin=\"aviaTBmargin\" custom_margin=\"36px,0px\" av-desktop-custom_margin=\"\" av-desktop-custom_margin_sync=\"true\" av-medium-custom_margin=\"\" av-medium-custom_margin_sync=\"true\" av-small-custom_margin=\"\" av-small-custom_margin_sync=\"true\" av-mini-custom_margin=\"\" av-mini-custom_margin_sync=\"true\" svg_div_top=\"\" svg_div_top_color=\"#333333\" svg_div_top_width=\"100\" svg_div_top_height=\"50\" svg_div_top_max_height=\"none\" svg_div_top_opacity=\"\" svg_div_bottom=\"\" svg_div_bottom_color=\"#333333\" svg_div_bottom_width=\"100\" svg_div_bottom_height=\"50\" svg_div_bottom_max_height=\"none\" svg_div_bottom_opacity=\"\" fold_type=\"\" fold_height=\"\" fold_more=\"Llegir m\u00e9s\" fold_less=\"Read less\" fold_text_style=\"\" fold_btn_align=\"\" color=\"main_color\" background=\"bg_color\" custom_bg=\"\" background_gradient_direction=\"vertical\" background_gradient_color1=\"#000000\" background_gradient_color2=\"#ffffff\" background_gradient_color3=\"\" src=\"https:\/\/pedraforca.ergatesweb10.ovh\/wp-content\/uploads\/2025\/04\/hostal-pedraforca-40-e1743752220443.jpg\" attachment=\"513\" attachment_size=\"full\" src_dynamic=\"\" attach=\"scroll\" position=\"center center\" repeat=\"stretch\" video=\"\" video_ratio=\"16:9\" overlay_enable=\"aviaTBoverlay_enable\" overlay_opacity=\"0.3\" overlay_color=\"#0a0a0a\" overlay_pattern=\"\" overlay_custom_pattern=\"\" custom_arrow_bg=\"\" fold_overlay_color=\"\" fold_text_color=\"\" fold_btn_color=\"theme-color\" fold_btn_bg_color=\"\" fold_btn_font_color=\"\" size-btn-text=\"\" av-desktop-font-size-btn-text=\"\" av-medium-font-size-btn-text=\"\" av-small-font-size-btn-text=\"\" av-mini-font-size-btn-text=\"\" fold_timer=\"\" z_index_fold=\"\" css_position_z_index=\"\" av-desktop-css_position_z_index=\"\" av-medium-css_position_z_index=\"\" av-small-css_position_z_index=\"\" av-mini-css_position_z_index=\"\" id=\"\" custom_class=\"\" template_class=\"\" aria_label=\"\" av_element_hidden_in_editor=\"0\" av_uid=\"av-6yfk0\" sc_version=\"1.0\"]\n[av_textblock fold_type=\"\" fold_height=\"\" fold_more=\"Llegir m\u00e9s\" fold_less=\"Read less\" fold_text_style=\"\" fold_btn_align=\"\" textblock_styling_align=\"\" textblock_styling=\"\" textblock_styling_gap=\"\" textblock_styling_mobile=\"\" size=\"40\" av-desktop-font-size=\"\" av-medium-font-size=\"\" av-small-font-size=\"\" av-mini-font-size=\"\" font_color=\"\" color=\"\" fold_overlay_color=\"\" fold_text_color=\"\" fold_btn_color=\"theme-color\" fold_btn_bg_color=\"\" fold_btn_font_color=\"\" size-btn-text=\"\" av-desktop-font-size-btn-text=\"\" av-medium-font-size-btn-text=\"\" av-small-font-size-btn-text=\"\" av-mini-font-size-btn-text=\"\" fold_timer=\"\" z_index_fold=\"\" id=\"\" custom_class=\"\" template_class=\"\" av_uid=\"av-m92gtlkl\" sc_version=\"1.0\" admin_preview_bg=\"\"]\n<p style=\"text-align: center;\">[page_title]<\/p>\n[\/av_textblock]\n[\/av_section]\n\n<style type=\"text\/css\" data-created_by=\"avia_inline_auto\" id=\"style-css-av-1115u-24983cda413eda3070977f0ba936055b\">\n#top .hr.hr-invisible.av-1115u-24983cda413eda3070977f0ba936055b{\nheight:50px;\n}\n<\/style>\n<div  class='hr av-1115u-24983cda413eda3070977f0ba936055b hr-invisible  avia-builder-el-1  el_after_av_postcontent  el_before_av_one_half  avia-builder-el-first '><span class='hr-inner '><span class=\"hr-inner-style\"><\/span><\/span><\/div>\n<div  class='flex_column av-skn56-25a7e649088a131925e7f076f418c959 av_one_half  avia-builder-el-2  el_after_av_hr  el_before_av_one_half  first flex_column_div av-animated-generic bottom-to-top  '     ><p>\n<style type=\"text\/css\" data-created_by=\"avia_inline_auto\" id=\"style-css-av-ma3zvp13-50e311916c0be022a924e672ecfcb251\">\n#top .av-special-heading.av-ma3zvp13-50e311916c0be022a924e672ecfcb251{\npadding-bottom:20px;\n}\nbody .av-special-heading.av-ma3zvp13-50e311916c0be022a924e672ecfcb251 .av-special-heading-tag .heading-char{\nfont-size:25px;\n}\n.av-special-heading.av-ma3zvp13-50e311916c0be022a924e672ecfcb251 .av-subheading{\nfont-size:15px;\n}\n<\/style>\n<div  class='av-special-heading av-ma3zvp13-50e311916c0be022a924e672ecfcb251 av-special-heading-h1  avia-builder-el-3  el_before_av_hr  avia-builder-el-first '><h1 class='av-special-heading-tag '  itemprop=\"headline\"  >El Hostal Pedraforca, una historia de vocaci\u00f3n, esfuerzo y acogida<\/h1><div class=\"special-heading-border\"><div class=\"special-heading-inner-border\"><\/div><\/div><\/div><br \/>\n\n<style type=\"text\/css\" data-created_by=\"avia_inline_auto\" id=\"style-css-av-m8fsaz9z-d8cbe3c4174d5c012cec3c37ac110d8d\">\n#top .hr.hr-invisible.av-m8fsaz9z-d8cbe3c4174d5c012cec3c37ac110d8d{\nheight:5px;\n}\n<\/style>\n<div  class='hr av-m8fsaz9z-d8cbe3c4174d5c012cec3c37ac110d8d hr-invisible  avia-builder-el-4  el_after_av_heading  el_before_av_textblock '><span class='hr-inner '><span class=\"hr-inner-style\"><\/span><\/span><\/div><br \/>\n<section  class='av_textblock_section av-ma3zwpb2-ea5226a50570ade9c2d13a5dbcf1aad0 '   itemscope=\"itemscope\" itemtype=\"https:\/\/schema.org\/CreativeWork\" ><div class='avia_textblock'  itemprop=\"text\" ><p>El <strong>Hostal Pedraforca<\/strong> naci\u00f3 en 1965 de la mano de Pepita Segu\u00ed y Josep Maria Torra, un matrimonio de San Juan de Vilatorrada que, sin experiencia en hosteler\u00eda pero con muchas ganas, se lanzaron a crear un peque\u00f1o refugio a los pies del Pedraforca.<\/p>\n<p>Lo que empez\u00f3 como un proyecto modesto entre amigos, con dos plantas y un \u00e1tico, ha crecido hasta convertirse en un acogedor hostal con m\u00e1s de 20 habitaciones, restaurante con vistas y una terraza \u00fanica. Durante d\u00e9cadas, ampliaron y mejorar las instalaciones a\u00f1o tras a\u00f1o, siempre con el mismo objetivo: <strong>hacer sentir a todo el mundo como en casa<\/strong> .<\/p>\n<p>Este esp\u00edritu familiar todav\u00eda se mantiene vivo gracias al relevo generacional: hoy, Jordi Torra y Claudia Matamala, hijos de los fundadores, contin\u00faan el proyecto con pasi\u00f3n, respetando la esencia original y adapt\u00e1ndolo a los nuevos tiempos.<\/p>\n<p>Con m\u00e1s de medio siglo de historia, el Hostal Pedraforca sigue siendo un lugar donde la naturaleza, la calidez y la buena cocina se encuentran para ofrecer <strong>una estancia inolvidable en el coraz\u00f3n del Bergued\u00e0<\/strong> .<\/p>\n<\/div><\/section><\/p><\/div><div  class='flex_column av-nj7ia-f9efcd2deeab9c2992511b0d4f84e95a av_one_half  avia-builder-el-6  el_after_av_one_half  el_before_av_one_full  flex_column_div av-animated-generic bottom-to-top  '     ><style type=\"text\/css\" data-created_by=\"avia_inline_auto\" id=\"style-css-av-ma3zxnqk-ef2d0cc147b7dc5f37374317ffe38287\">\n.avia-image-container.av-ma3zxnqk-ef2d0cc147b7dc5f37374317ffe38287 img.avia_image{\nbox-shadow:none;\n}\n.avia-image-container.av-ma3zxnqk-ef2d0cc147b7dc5f37374317ffe38287 .av-image-caption-overlay-center{\ncolor:#ffffff;\n}\n<\/style>\n<div  class='avia-image-container av-ma3zxnqk-ef2d0cc147b7dc5f37374317ffe38287 av-styling- av-img-linked avia-align-center  avia-builder-el-7  avia-builder-el-no-sibling '   itemprop=\"image\" itemscope=\"itemscope\" itemtype=\"https:\/\/schema.org\/ImageObject\" ><div class=\"avia-image-container-inner\"><div class=\"avia-image-overlay-wrap\"><a href=\"https:\/\/pedraforca.com\/wp-content\/uploads\/2025\/04\/hostal-pedraforca-39-1030x773.jpg\" data-srcset=\"https:\/\/pedraforca.com\/wp-content\/uploads\/2025\/04\/hostal-pedraforca-39-1030x773.jpg 1030w, https:\/\/pedraforca.com\/wp-content\/uploads\/2025\/04\/hostal-pedraforca-39-300x225.jpg 300w, https:\/\/pedraforca.com\/wp-content\/uploads\/2025\/04\/hostal-pedraforca-39-768x576.jpg 768w, https:\/\/pedraforca.com\/wp-content\/uploads\/2025\/04\/hostal-pedraforca-39-1536x1152.jpg 1536w, https:\/\/pedraforca.com\/wp-content\/uploads\/2025\/04\/hostal-pedraforca-39-1500x1125.jpg 1500w, https:\/\/pedraforca.com\/wp-content\/uploads\/2025\/04\/hostal-pedraforca-39-705x529.jpg 705w, https:\/\/pedraforca.com\/wp-content\/uploads\/2025\/04\/hostal-pedraforca-39.jpg 2048w\" data-sizes=\"(max-width: 1030px) 100vw, 1030px\" class='avia_image '  aria-label='hostal-pedraforca-39'><img decoding=\"async\" fetchpriority=\"high\" class='wp-image-512 avia-img-lazy-loading-not-512 avia_image ' src=\"https:\/\/pedraforca.com\/wp-content\/uploads\/2025\/04\/hostal-pedraforca-39-700x700.jpg\" alt='' title='hostal-pedraforca-39'  height=\"700\" width=\"700\"  itemprop=\"thumbnailUrl\" srcset=\"https:\/\/pedraforca.com\/wp-content\/uploads\/2025\/04\/hostal-pedraforca-39-700x700.jpg 700w, https:\/\/pedraforca.com\/wp-content\/uploads\/2025\/04\/hostal-pedraforca-39-80x80.jpg 80w, https:\/\/pedraforca.com\/wp-content\/uploads\/2025\/04\/hostal-pedraforca-39-36x36.jpg 36w\" sizes=\"(max-width: 700px) 100vw, 700px\" \/><\/a><\/div><\/div><\/div><\/div><\/p>\n<div  class='flex_column av-g5gdm-7d2e758c050043c87162c7b1edaa4050 av_one_full  avia-builder-el-8  el_after_av_one_half  avia-builder-el-last  first flex_column_div av-animated-generic bottom-to-top  column-top-margin'     ><\/div>\n","protected":false},"excerpt":{"rendered":"","protected":false},"author":3,"featured_media":0,"parent":0,"menu_order":0,"comment_status":"closed","ping_status":"closed","template":"","meta":{"footnotes":""},"class_list":["post-778","page","type-page","status-publish","hentry"],"yoast_head":"<!-- This site is optimized with the Yoast SEO plugin v27.1.1 - https:\/\/yoast.com\/product\/yoast-seo-wordpress\/ -->\n<title>Historia - Hostal Pedraforca<\/title>\n<meta name=\"robots\" content=\"index, follow, max-snippet:-1, max-image-preview:large, max-video-preview:-1\" \/>\n<link rel=\"canonical\" href=\"https:\/\/pedraforca.com\/es\/historia\/\" \/>\n<meta property=\"og:locale\" content=\"es_ES\" \/>\n<meta property=\"og:type\" content=\"article\" \/>\n<meta property=\"og:title\" content=\"Historia - Hostal Pedraforca\" \/>\n<meta property=\"og:url\" content=\"https:\/\/pedraforca.com\/es\/historia\/\" \/>\n<meta property=\"og:site_name\" content=\"Hostal Pedraforca\" \/>\n<meta property=\"article:modified_time\" content=\"2025-05-06T09:34:57+00:00\" \/>\n<meta name=\"twitter:card\" content=\"summary_large_image\" \/>\n<meta name=\"twitter:label1\" content=\"Tiempo de lectura\" \/>\n\t<meta name=\"twitter:data1\" content=\"2 minutos\" \/>\n<script type=\"application\/ld+json\" class=\"yoast-schema-graph\">{\"@context\":\"https:\/\/schema.org\",\"@graph\":[{\"@type\":\"WebPage\",\"@id\":\"https:\/\/pedraforca.com\/es\/historia\/\",\"url\":\"https:\/\/pedraforca.com\/es\/historia\/\",\"name\":\"Historia - Hostal Pedraforca\",\"isPartOf\":{\"@id\":\"https:\/\/pedraforca.com\/es\/#website\"},\"datePublished\":\"2025-05-06T09:08:04+00:00\",\"dateModified\":\"2025-05-06T09:34:57+00:00\",\"breadcrumb\":{\"@id\":\"https:\/\/pedraforca.com\/es\/historia\/#breadcrumb\"},\"inLanguage\":\"es\",\"potentialAction\":[{\"@type\":\"ReadAction\",\"target\":[\"https:\/\/pedraforca.com\/es\/historia\/\"]}]},{\"@type\":\"BreadcrumbList\",\"@id\":\"https:\/\/pedraforca.com\/es\/historia\/#breadcrumb\",\"itemListElement\":[{\"@type\":\"ListItem\",\"position\":1,\"name\":\"Inici\",\"item\":\"https:\/\/pedraforca.com\/es\/\"},{\"@type\":\"ListItem\",\"position\":2,\"name\":\"Historia\"}]},{\"@type\":\"WebSite\",\"@id\":\"https:\/\/pedraforca.com\/es\/#website\",\"url\":\"https:\/\/pedraforca.com\/es\/\",\"name\":\"Hostal Pedraforca\",\"description\":\"Descansa al peu del Pedraforca, dins un entorn natural incomparable\",\"potentialAction\":[{\"@type\":\"SearchAction\",\"target\":{\"@type\":\"EntryPoint\",\"urlTemplate\":\"https:\/\/pedraforca.com\/es\/?s={search_term_string}\"},\"query-input\":{\"@type\":\"PropertyValueSpecification\",\"valueRequired\":true,\"valueName\":\"search_term_string\"}}],\"inLanguage\":\"es\"}]}<\/script>\n<!-- \/ Yoast SEO plugin. -->","yoast_head_json":{"title":"Historia - Hostal Pedraforca","robots":{"index":"index","follow":"follow","max-snippet":"max-snippet:-1","max-image-preview":"max-image-preview:large","max-video-preview":"max-video-preview:-1"},"canonical":"https:\/\/pedraforca.com\/es\/historia\/","og_locale":"es_ES","og_type":"article","og_title":"Historia - Hostal Pedraforca","og_url":"https:\/\/pedraforca.com\/es\/historia\/","og_site_name":"Hostal Pedraforca","article_modified_time":"2025-05-06T09:34:57+00:00","twitter_card":"summary_large_image","twitter_misc":{"Tiempo de lectura":"2 minutos"},"schema":{"@context":"https:\/\/schema.org","@graph":[{"@type":"WebPage","@id":"https:\/\/pedraforca.com\/es\/historia\/","url":"https:\/\/pedraforca.com\/es\/historia\/","name":"Historia - Hostal Pedraforca","isPartOf":{"@id":"https:\/\/pedraforca.com\/es\/#website"},"datePublished":"2025-05-06T09:08:04+00:00","dateModified":"2025-05-06T09:34:57+00:00","breadcrumb":{"@id":"https:\/\/pedraforca.com\/es\/historia\/#breadcrumb"},"inLanguage":"es","potentialAction":[{"@type":"ReadAction","target":["https:\/\/pedraforca.com\/es\/historia\/"]}]},{"@type":"BreadcrumbList","@id":"https:\/\/pedraforca.com\/es\/historia\/#breadcrumb","itemListElement":[{"@type":"ListItem","position":1,"name":"Inici","item":"https:\/\/pedraforca.com\/es\/"},{"@type":"ListItem","position":2,"name":"Historia"}]},{"@type":"WebSite","@id":"https:\/\/pedraforca.com\/es\/#website","url":"https:\/\/pedraforca.com\/es\/","name":"Hostal Pedraforca","description":"Descansa al peu del Pedraforca, dins un entorn natural incomparable","potentialAction":[{"@type":"SearchAction","target":{"@type":"EntryPoint","urlTemplate":"https:\/\/pedraforca.com\/es\/?s={search_term_string}"},"query-input":{"@type":"PropertyValueSpecification","valueRequired":true,"valueName":"search_term_string"}}],"inLanguage":"es"}]}},"_links":{"self":[{"href":"https:\/\/pedraforca.com\/es\/wp-json\/wp\/v2\/pages\/778","targetHints":{"allow":["GET"]}}],"collection":[{"href":"https:\/\/pedraforca.com\/es\/wp-json\/wp\/v2\/pages"}],"about":[{"href":"https:\/\/pedraforca.com\/es\/wp-json\/wp\/v2\/types\/page"}],"author":[{"embeddable":true,"href":"https:\/\/pedraforca.com\/es\/wp-json\/wp\/v2\/users\/3"}],"replies":[{"embeddable":true,"href":"https:\/\/pedraforca.com\/es\/wp-json\/wp\/v2\/comments?post=778"}],"version-history":[{"count":1,"href":"https:\/\/pedraforca.com\/es\/wp-json\/wp\/v2\/pages\/778\/revisions"}],"predecessor-version":[{"id":950,"href":"https:\/\/pedraforca.com\/es\/wp-json\/wp\/v2\/pages\/778\/revisions\/950"}],"wp:attachment":[{"href":"https:\/\/pedraforca.com\/es\/wp-json\/wp\/v2\/media?parent=778"}],"curies":[{"name":"wp","href":"https:\/\/api.w.org\/{rel}","templated":true}]}}